{"id":447,"date":"2021-03-27T11:41:28","date_gmt":"2021-03-27T10:41:28","guid":{"rendered":"http:\/\/www.carbon-lean.com\/?post_type=product&#038;p=447"},"modified":"2026-03-11T12:14:47","modified_gmt":"2026-03-11T11:14:47","slug":"2-jeux-carbon-lean-boite-etui","status":"publish","type":"product","link":"https:\/\/www.carbon-lean.com\/index.php\/produit\/2-jeux-carbon-lean-boite-etui\/","title":{"rendered":"2 Jeux Carbon Lean (bo\u00eete cloche)"},"content":{"rendered":"<div dir=\"auto\">\n<div id=\"attachment_426\" style=\"width: 351px;\" class=\"wp-caption alignright\">\n<p><img loading=\"lazy\" decoding=\"async\" src=\"https:\/\/www.carbon-lean.com\/wp-content\/uploads\/2021\/03\/IMG_6855-225x300.png\" aria-describedby=\"caption-attachment-426\" alt=\"\" width=\"225\" height=\"300\" class=\"alignnone wp-image-1024 size-medium\" srcset=\"https:\/\/www.carbon-lean.com\/wp-content\/uploads\/2021\/03\/IMG_6855-225x300.png 225w, https:\/\/www.carbon-lean.com\/wp-content\/uploads\/2021\/03\/IMG_6855-768x1024.png 768w, https:\/\/www.carbon-lean.com\/wp-content\/uploads\/2021\/03\/IMG_6855-600x800.png 600w, https:\/\/www.carbon-lean.com\/wp-content\/uploads\/2021\/03\/IMG_6855.png 960w\" sizes=\"auto, (max-width: 225px) 100vw, 225px\" \/><\/p>\n<p id=\"caption-attachment-426\" class=\"wp-caption-text\">Jeu de cartes Carbon Lean<\/p>\n<\/div>\n<\/div>\n<div dir=\"auto\"><em><strong>ATTENTION: COMMANDEZ AVANT LE 17\/12\/2024 pour une livraison avant No\u00ebl.<\/strong><\/em><\/div>\n<div dir=\"auto\"><\/div>\n<div dir=\"auto\"><span>A partir de <\/span><span><strong>8 ans<\/strong><\/span><span>, de <\/span><span><strong>2 \u00e0 4 joueurs<\/strong><\/span><span>, dur\u00e9e d\u2019une partie: <\/span><span><strong>20 minutes<\/strong><\/span><\/div>\n<div dir=\"auto\"><strong>2 Jeux<\/strong> de 72 cartes format poker.<\/div>\n<div dir=\"auto\"><\/div>\n<div dir=\"auto\">\n<div dir=\"auto\"><span>Dans <\/span><span><strong>Carbon Lean<\/strong><\/span><span>, vous repr\u00e9sentez un citoyen, ayant la capacit\u00e9 de \u201cconsommer\u201d diff\u00e9rents produits, biens et services. Chacun d\u2019eux ont un \u201c<\/span><span><strong>co\u00fbt carbone<\/strong><\/span><span>\u201d en \u00e9missions de CO2 \u2013 calcul\u00e9 en Kilos Equivalent CO2 (kgCO2) selon des chiffres officiels et r\u00e9f\u00e9renc\u00e9s (par l\u2019ADEME).\u00a0<\/span><\/div>\n<div dir=\"auto\">\n<div dir=\"auto\"><span>Le jeu Carbon Lean peut \u00eatre utilis\u00e9 selon diff\u00e9rentes variantes, de difficult\u00e9 croissante (1, 2 et 3), permettant ainsi \u00e0 toute la famille de jouer !\u00a0<\/span><\/div>\n<\/div>\n<div dir=\"auto\"><\/div>\n<\/div>\n<div dir=\"auto\">\n<p>D\u00e9couvrez-le en vid\u00e9o :<\/p>\n<p><iframe loading=\"lazy\" title=\"Carbon Lean - R\u00e8gles du Jeu -  Variantes 1 &amp; 2\" width=\"750\" height=\"422\" src=\"https:\/\/www.youtube.com\/embed\/UiaHncoSymA?feature=oembed\" frameborder=\"0\" allow=\"accelerometer; autoplay; clipboard-write; encrypted-media; gyroscope; picture-in-picture; web-share\" referrerpolicy=\"strict-origin-when-cross-origin\" allowfullscreen><\/iframe><\/p>\n<\/div>\n<div dir=\"auto\"><\/div>\n<div dir=\"auto\">\n<h1 dir=\"auto\">Le jeu<\/h1>\n<div dir=\"auto\"><span style=\"color: #3c4858; font-family: Roboto, Helvetica, Arial, sans-serif; font-size: large;\"><span>Dans les <\/span><\/span><span style=\"color: #3c4858; font-family: Roboto, Helvetica, Arial, sans-serif; font-size: large;\"><span><strong>variantes 1 et 2<\/strong><\/span><\/span><span style=\"color: #3c4858; font-family: Roboto, Helvetica, Arial, sans-serif; font-size: large;\"><span>, votre objectif est simplement de deviner le \u00ab co\u00fbt carbone \u00bb des cartes, en les positionnant par rapport \u00e0 celles d\u00e9j\u00e0 plac\u00e9es par les autres joueurs.\u00a0<\/span><\/span><\/div>\n<div dir=\"auto\"><\/div>\n<\/div>\n<div dir=\"auto\"><span>\u00a0<\/span><\/div>\n<div dir=\"auto\"><span><strong>Variante 3<\/strong><\/span><span>: Une fois que vous connaissez les cartes, votre objectif est, sur votre plateau de jeu, de diminuer votre \u201cbilan carbone total\u201d en choisissant les produits, biens et services qui consomment le moins par rapport aux autres joueurs. Choisissez les bonnes cartes, ou prenez-les \u00e0 vos adversaires&#8230; soyez le plus raide, mais surtout le moins polluant !<\/span><\/div>\n<div dir=\"auto\"><\/div>\n<div dir=\"auto\"><span>\u00a0Vous pouvez d\u00e9couvrir les r\u00e8gles \u00e9galement au format PDF ici :\u00a0<\/span><span><a href=\"http:\/\/www.carbon-lean.com\/index.php\/les-regles\/\">Les r\u00e8gles<\/a><\/span><\/div>\n<div dir=\"auto\"><\/div>\n<div dir=\"auto\"><span>Enfin, le jeu vous permet \u00e9galement d\u2019utiliser les cartes pour estimer votre propre bilan carbone, et de le comparer \u00e0 celui d\u2019un Fran\u00e7ais moyen de 2020, ou \u00e0 celui d\u2019un Fran\u00e7ais de 2050 &#8211; qui respecte l\u2019objectif des Accords de Paris.\u00a0<\/span><\/div>\n<div dir=\"auto\"><\/div>\n<div dir=\"auto\">Alors, qu&rsquo;attendez-vous pour d\u00e9couvrir l&rsquo;impact carbone en vous amusant ?<\/div>\n<div dir=\"auto\"><\/div>\n<h1 dir=\"auto\">Photos<\/h1>\n<div dir=\"auto\">\n<div id=\"attachment_424\" style=\"width: 310px;\" class=\"wp-caption alignnone\">\n<p><img loading=\"lazy\" decoding=\"async\" src=\"https:\/\/www.carbon-lean.com\/wp-content\/uploads\/2021\/03\/IMG_6856-300x225.png\" class=\"alignnone wp-image-1025 size-medium\" width=\"300\" height=\"225\" aria-describedby=\"caption-attachment-424\" alt=\"Carbon Lean - Variante 2 - Mise en place du jeu\" srcset=\"https:\/\/www.carbon-lean.com\/wp-content\/uploads\/2021\/03\/IMG_6856-300x225.png 300w, https:\/\/www.carbon-lean.com\/wp-content\/uploads\/2021\/03\/IMG_6856-1024x768.png 1024w, https:\/\/www.carbon-lean.com\/wp-content\/uploads\/2021\/03\/IMG_6856-768x576.png 768w, https:\/\/www.carbon-lean.com\/wp-content\/uploads\/2021\/03\/IMG_6856-600x450.png 600w, https:\/\/www.carbon-lean.com\/wp-content\/uploads\/2021\/03\/IMG_6856.png 1280w\" sizes=\"auto, (max-width: 300px) 100vw, 300px\" \/><\/p>\n<p id=\"caption-attachment-424\" class=\"wp-caption-text\">Le jeu en \u00ab\u00a0Variante 2\u00a0\u00bb &#8211; Toutes cat\u00e9gories confondues<\/p>\n<\/div>\n<\/div>\n<div dir=\"auto\"><\/div>\n<div dir=\"auto\">\n<div id=\"attachment_425\" style=\"width: 235px;\" class=\"wp-caption alignnone\">\n<p><img loading=\"lazy\" decoding=\"async\" src=\"https:\/\/www.carbon-lean.com\/wp-content\/uploads\/2021\/03\/IMG_6857-250x300.png\" class=\"alignnone wp-image-1026 size-medium\" width=\"250\" height=\"300\" aria-describedby=\"caption-attachment-425\" alt=\"\" srcset=\"https:\/\/www.carbon-lean.com\/wp-content\/uploads\/2021\/03\/IMG_6857-250x300.png 250w, https:\/\/www.carbon-lean.com\/wp-content\/uploads\/2021\/03\/IMG_6857-854x1024.png 854w, https:\/\/www.carbon-lean.com\/wp-content\/uploads\/2021\/03\/IMG_6857-768x920.png 768w, https:\/\/www.carbon-lean.com\/wp-content\/uploads\/2021\/03\/IMG_6857-600x719.png 600w, https:\/\/www.carbon-lean.com\/wp-content\/uploads\/2021\/03\/IMG_6857.png 1068w\" sizes=\"auto, (max-width: 250px) 100vw, 250px\" \/><\/p>\n<p id=\"caption-attachment-425\" class=\"wp-caption-text\">Le jeu dans sa configuration \u00ab\u00a0Variante 3\u00a0\u00bb avec 2 joueurs<\/p>\n<\/div>\n<\/div>\n","protected":false},"excerpt":{"rendered":"<p><span>D\u00e9couvrez votre impact carbone en vous amusant ! <\/span><\/p>\n<p><span>A partir de <\/span><span><strong>8 ans<\/strong><\/span><span>, de <\/span><span><strong>2 \u00e0 4 joueur<\/strong><\/span><span><strong>s<\/strong>, dur\u00e9e d\u2019une partie: <\/span><span><strong>20 minutes. <\/strong><\/span>Jeu de 72 cartes, format poker. Bo\u00eete Cloche.<\/p>\n<p>Frais de port non compris.<\/p>\n<p><strong>\u00c9dition 3 pr\u00eate (bo\u00eete cloche), livraisons \u00e0 partir de Juillet 2024. <\/strong><\/p>\n","protected":false},"featured_media":1023,"comment_status":"open","ping_status":"closed","template":"","meta":[],"product_cat":[32],"product_tag":[],"class_list":["post-447","product","type-product","status-publish","has-post-thumbnail","hentry","product_cat-jeu","product_shipping_class-2jeux"],"_links":{"self":[{"href":"https:\/\/www.carbon-lean.com\/index.php\/wp-json\/wp\/v2\/product\/447","targetHints":{"allow":["GET"]}}],"collection":[{"href":"https:\/\/www.carbon-lean.com\/index.php\/wp-json\/wp\/v2\/product"}],"about":[{"href":"https:\/\/www.carbon-lean.com\/index.php\/wp-json\/wp\/v2\/types\/product"}],"replies":[{"embeddable":true,"href":"https:\/\/www.carbon-lean.com\/index.php\/wp-json\/wp\/v2\/comments?post=447"}],"wp:featuredmedia":[{"embeddable":true,"href":"https:\/\/www.carbon-lean.com\/index.php\/wp-json\/wp\/v2\/media\/1023"}],"wp:attachment":[{"href":"https:\/\/www.carbon-lean.com\/index.php\/wp-json\/wp\/v2\/media?parent=447"}],"wp:term":[{"taxonomy":"product_cat","embeddable":true,"href":"https:\/\/www.carbon-lean.com\/index.php\/wp-json\/wp\/v2\/product_cat?post=447"},{"taxonomy":"product_tag","embeddable":true,"href":"https:\/\/www.carbon-lean.com\/index.php\/wp-json\/wp\/v2\/product_tag?post=447"}],"curies":[{"name":"wp","href":"https:\/\/api.w.org\/{rel}","templated":true}]}}