{"id":98,"date":"2020-08-30T17:42:16","date_gmt":"2020-08-30T15:42:16","guid":{"rendered":"http:\/\/carbon-lean.com\/?page_id=98"},"modified":"2021-06-12T11:43:01","modified_gmt":"2021-06-12T09:43:01","slug":"qui-sommes-nous","status":"publish","type":"page","link":"https:\/\/www.carbon-lean.com\/index.php\/qui-sommes-nous\/","title":{"rendered":"Qui sommes-nous ?"},"content":{"rendered":"\n<p>Derri\u00e8re Carbon Lean, il y a une id\u00e9e, celle de rendre simple et amusant notre apprentissage de notre impact carbone, et&#8230; une \u00e9quipe !<\/p>\n\n\n\n<h2 class=\"wp-block-heading\">Les co-cr\u00e9ateurs du jeu<\/h2>\n\n\n\n<div class=\"wp-block-columns is-layout-flex wp-container-core-columns-is-layout-9d6595d7 wp-block-columns-is-layout-flex\">\n<div class=\"wp-block-column is-layout-flow wp-block-column-is-layout-flow\">\n<div class=\"wp-block-image is-style-rounded\"><figure class=\"aligncenter size-large is-resized\"><img loading=\"lazy\" decoding=\"async\" src=\"https:\/\/www.carbon-lean.com\/wp-content\/uploads\/2021\/05\/CV.jpg\" alt=\"\" class=\"wp-image-635\" width=\"291\" height=\"290\" srcset=\"https:\/\/www.carbon-lean.com\/wp-content\/uploads\/2021\/05\/CV.jpg 535w, https:\/\/www.carbon-lean.com\/wp-content\/uploads\/2021\/05\/CV-300x300.jpg 300w, https:\/\/www.carbon-lean.com\/wp-content\/uploads\/2021\/05\/CV-150x150.jpg 150w, https:\/\/www.carbon-lean.com\/wp-content\/uploads\/2021\/05\/CV-160x160.jpg 160w\" sizes=\"auto, (max-width: 291px) 100vw, 291px\" \/><figcaption><span class=\"has-inline-color has-black-color\"><strong>Mathieu Le Dain<\/strong><\/span><\/figcaption><\/figure><\/div>\n\n\n\n<p class=\"has-text-align-center\"><strong>Concepteur, illustrateur<\/strong><br>Lorsqu&rsquo;il ne d\u00e9coupe pas des cartes, Mathieu r\u00e9fl\u00e9chit \u00e0 l&rsquo;impact environnemental de sa famille, et de son job !<\/p>\n<\/div>\n\n\n\n<div class=\"wp-block-column is-layout-flow wp-block-column-is-layout-flow\">\n<div class=\"wp-block-image is-style-rounded\"><figure class=\"aligncenter size-large is-resized\"><img loading=\"lazy\" decoding=\"async\" src=\"http:\/\/carbon-lean.com\/wp-content\/uploads\/2020\/08\/benoit_isaac-copie.jpg\" alt=\"\" class=\"wp-image-100\" width=\"291\" height=\"290\" srcset=\"https:\/\/www.carbon-lean.com\/wp-content\/uploads\/2020\/08\/benoit_isaac-copie.jpg 1007w, https:\/\/www.carbon-lean.com\/wp-content\/uploads\/2020\/08\/benoit_isaac-copie-160x160.jpg 160w, https:\/\/www.carbon-lean.com\/wp-content\/uploads\/2020\/08\/benoit_isaac-copie-600x599.jpg 600w, https:\/\/www.carbon-lean.com\/wp-content\/uploads\/2020\/08\/benoit_isaac-copie-300x300.jpg 300w, https:\/\/www.carbon-lean.com\/wp-content\/uploads\/2020\/08\/benoit_isaac-copie-150x150.jpg 150w, https:\/\/www.carbon-lean.com\/wp-content\/uploads\/2020\/08\/benoit_isaac-copie-768x767.jpg 768w\" sizes=\"auto, (max-width: 291px) 100vw, 291px\" \/><figcaption><strong><span class=\"has-inline-color has-black-color\">Benoit Isaac<\/span><\/strong><\/figcaption><\/figure><\/div>\n\n\n\n<p class=\"has-text-align-center\"><strong>Concepteur, d\u00e9veloppeur<\/strong><br>Lorsqu&rsquo;il ne joue pas \u00e0 des jeux de soci\u00e9t\u00e9, Benoit essaye d&rsquo;en imaginer de nouveaux :o)<\/p>\n\n\n\n<ul class=\"wp-block-social-links is-layout-flex wp-block-social-links-is-layout-flex\">\n\n\n\n<li class=\"wp-social-link wp-social-link-twitter  wp-block-social-link\"><a href=\"https:\/\/twitter.com\/benoit_is\" class=\"wp-block-social-link-anchor\"><svg width=\"24\" height=\"24\" viewBox=\"0 0 24 24\" version=\"1.1\" xmlns=\"http:\/\/www.w3.org\/2000\/svg\" aria-hidden=\"true\" focusable=\"false\"><path d=\"M22.23,5.924c-0.736,0.326-1.527,0.547-2.357,0.646c0.847-0.508,1.498-1.312,1.804-2.27 c-0.793,0.47-1.671,0.812-2.606,0.996C18.324,4.498,17.257,4,16.077,4c-2.266,0-4.103,1.837-4.103,4.103 c0,0.322,0.036,0.635,0.106,0.935C8.67,8.867,5.647,7.234,3.623,4.751C3.27,5.357,3.067,6.062,3.067,6.814 c0,1.424,0.724,2.679,1.825,3.415c-0.673-0.021-1.305-0.206-1.859-0.513c0,0.017,0,0.034,0,0.052c0,1.988,1.414,3.647,3.292,4.023 c-0.344,0.094-0.707,0.144-1.081,0.144c-0.264,0-0.521-0.026-0.772-0.074c0.522,1.63,2.038,2.816,3.833,2.85 c-1.404,1.1-3.174,1.756-5.096,1.756c-0.331,0-0.658-0.019-0.979-0.057c1.816,1.164,3.973,1.843,6.29,1.843 c7.547,0,11.675-6.252,11.675-11.675c0-0.178-0.004-0.355-0.012-0.531C20.985,7.47,21.68,6.747,22.23,5.924z\"><\/path><\/svg><span class=\"wp-block-social-link-label screen-reader-text\">Twitter<\/span><\/a><\/li>\n\n\n\n<li class=\"wp-social-link wp-social-link-linkedin  wp-block-social-link\"><a href=\"https:\/\/www.linkedin.com\/in\/benoitisaac\/\" class=\"wp-block-social-link-anchor\"><svg width=\"24\" height=\"24\" viewBox=\"0 0 24 24\" version=\"1.1\" xmlns=\"http:\/\/www.w3.org\/2000\/svg\" aria-hidden=\"true\" focusable=\"false\"><path d=\"M19.7,3H4.3C3.582,3,3,3.582,3,4.3v15.4C3,20.418,3.582,21,4.3,21h15.4c0.718,0,1.3-0.582,1.3-1.3V4.3 C21,3.582,20.418,3,19.7,3z M8.339,18.338H5.667v-8.59h2.672V18.338z M7.004,8.574c-0.857,0-1.549-0.694-1.549-1.548 c0-0.855,0.691-1.548,1.549-1.548c0.854,0,1.547,0.694,1.547,1.548C8.551,7.881,7.858,8.574,7.004,8.574z M18.339,18.338h-2.669 v-4.177c0-0.996-0.017-2.278-1.387-2.278c-1.389,0-1.601,1.086-1.601,2.206v4.249h-2.667v-8.59h2.559v1.174h0.037 c0.356-0.675,1.227-1.387,2.526-1.387c2.703,0,3.203,1.779,3.203,4.092V18.338z\"><\/path><\/svg><span class=\"wp-block-social-link-label screen-reader-text\">LinkedIn<\/span><\/a><\/li>\n\n<\/ul>\n<\/div>\n<\/div>\n\n\n<div class=\"wpforms-container wpforms-container-full\" id=\"wpforms-339\"><form id=\"wpforms-form-339\" class=\"wpforms-validate wpforms-form\" data-formid=\"339\" method=\"post\" enctype=\"multipart\/form-data\" action=\"\/index.php\/wp-json\/wp\/v2\/pages\/98\" data-token=\"cc28b2b8e872c35a68cd151b67b4e7bd\"><noscript class=\"wpforms-error-noscript\">Veuillez activer JavaScript dans votre navigateur pour remplir ce formulaire.<\/noscript><div class=\"wpforms-field-container\"><div id=\"wpforms-339-field_0-container\" class=\"wpforms-field wpforms-field-name wpforms-one-half wpforms-first\" data-field-id=\"0\"><label class=\"wpforms-field-label wpforms-label-hide\" for=\"wpforms-339-field_0\">Name <span class=\"wpforms-required-label\">*<\/span><\/label><input type=\"text\" id=\"wpforms-339-field_0\" class=\"wpforms-field-large wpforms-field-required\" name=\"wpforms[fields][0]\" placeholder=\"Your Name\" required><\/div><div id=\"wpforms-339-field_3-container\" class=\"wpforms-field wpforms-field-email wpforms-one-half\" data-field-id=\"3\"><label class=\"wpforms-field-label wpforms-label-hide\" for=\"wpforms-339-field_3\">Email <span class=\"wpforms-required-label\">*<\/span><\/label><input type=\"email\" id=\"wpforms-339-field_3\" class=\"wpforms-field-large wpforms-field-required\" name=\"wpforms[fields][3]\" placeholder=\"Your Email\" required><\/div><div id=\"wpforms-339-field_4-container\" class=\"wpforms-field wpforms-field-text\" data-field-id=\"4\"><label class=\"wpforms-field-label wpforms-label-hide\" for=\"wpforms-339-field_4\">Subject<\/label><input type=\"text\" id=\"wpforms-339-field_4\" class=\"wpforms-field-large\" name=\"wpforms[fields][4]\" placeholder=\"Subject\" ><\/div><div id=\"wpforms-339-field_2-container\" class=\"wpforms-field wpforms-field-textarea\" data-field-id=\"2\"><label class=\"wpforms-field-label wpforms-label-hide\" for=\"wpforms-339-field_2\">Message <span class=\"wpforms-required-label\">*<\/span><\/label><textarea id=\"wpforms-339-field_2\" class=\"wpforms-field-medium wpforms-field-required\" name=\"wpforms[fields][2]\" placeholder=\"Your Message\" required><\/textarea><\/div><\/div><div class=\"wpforms-submit-container\"><input type=\"hidden\" name=\"wpforms[id]\" value=\"339\"><input type=\"hidden\" name=\"wpforms[author]\" value=\"1\"><button type=\"submit\" name=\"wpforms[submit]\" id=\"wpforms-submit-339\" class=\"wpforms-submit\" data-alt-text=\"Sending...\" data-submit-text=\"Send message\" aria-live=\"assertive\" value=\"wpforms-submit\">Send message<\/button><\/div><\/form><\/div>  <!-- .wpforms-container -->\n\n\n<div class=\"wp-block-buttons is-content-justification-center is-layout-flex wp-block-buttons-is-layout-flex\">\n<div class=\"wp-block-button\"><a class=\"wp-block-button__link has-accent-background-color has-background\" href=\"mailto:carbonlean.lejeu@gmail.com\">Nous contacter: carbonlean.lejeu@gmail.com<\/a><\/div>\n<\/div>\n\n\n\n<h2 class=\"wp-block-heading\">L&rsquo;illustratrice<\/h2>\n\n\n\n<figure class=\"wp-block-image size-large is-resized\"><img loading=\"lazy\" decoding=\"async\" src=\"http:\/\/carbon-lean.com\/wp-content\/uploads\/2020\/08\/estelle_grossias.jpg\" alt=\"\" class=\"wp-image-102\" width=\"556\" height=\"165\" srcset=\"https:\/\/www.carbon-lean.com\/wp-content\/uploads\/2020\/08\/estelle_grossias.jpg 640w, https:\/\/www.carbon-lean.com\/wp-content\/uploads\/2020\/08\/estelle_grossias-600x178.jpg 600w, https:\/\/www.carbon-lean.com\/wp-content\/uploads\/2020\/08\/estelle_grossias-300x89.jpg 300w\" sizes=\"auto, (max-width: 556px) 100vw, 556px\" \/><figcaption>Estelle Grossias &#8211; <a href=\"http:\/\/www.estellegrossias.com\">http:\/\/www.estellegrossias.com<\/a> <\/figcaption><\/figure>\n\n\n\n<p>Estelle a rejoint l&rsquo;aventure Carbon Lean en d\u00e9couvrant notre jeu sur notre Campagne ULULE &#8211; et nous a propos\u00e9 son aide. Bas\u00e9e \u00e0 Toulouse, comme Mathieu, et motiv\u00e9e par les projets \u00e9co-responsables, c&rsquo;est tout naturellement qu&rsquo;elle a int\u00e9gr\u00e9 l&rsquo;\u00e9quipe !<\/p>\n\n\n\n<div class=\"wp-block-buttons is-content-justification-center is-layout-flex wp-block-buttons-is-layout-flex\">\n<div class=\"wp-block-button\"><a class=\"wp-block-button__link has-accent-background-color has-background\" href=\"http:\/\/www.Estellegrossias.com\">D\u00e9couvrir son univers:   www.estellegrossias.com<\/a><\/div>\n<\/div>\n\n\n\n<h2 class=\"wp-block-heading\">La vid\u00e9aste<\/h2>\n\n\n\n<figure class=\"wp-block-image size-large is-resized\"><img loading=\"lazy\" decoding=\"async\" src=\"http:\/\/clemmyworld.com\/wp-content\/uploads\/2020\/05\/Clem-AproposDe-1024x724.png\" alt=\"\" width=\"427\" height=\"302\"\/><figcaption>Cl\u00e9mentine ISAAC &#8211; http:\/\/www.clemmyworld.com<\/figcaption><\/figure>\n\n\n\n<p>Pour toute campagne participative r\u00e9ussie, il faut une bonne vid\u00e9o d&rsquo;accroche !  <strong><a href=\"http:\/\/www.clemmyworld.com\">Clemmy FILMS<\/a><\/strong> a r\u00e9alis\u00e9 <a href=\"http:\/\/carbon-lean.com\/index.php\/le-jeu\/\" data-type=\"page\" data-id=\"79\">notre vid\u00e9o que vous pouvez retrouver ici.<\/a><\/p>\n\n\n\n<div class=\"wp-block-buttons is-content-justification-center is-layout-flex wp-block-buttons-is-layout-flex\">\n<div class=\"wp-block-button\"><a class=\"wp-block-button__link has-accent-background-color has-background\" href=\"http:\/\/www.clemmyworld.com\">D\u00e9couvrir son univers: www.clemmyworld.com<\/a><\/div>\n<\/div>\n\n\n\n<h2 class=\"wp-block-heading\">Les sponsors<\/h2>\n\n\n\n<p>Lors de notre campagne, nous avons \u00e9t\u00e9 soutenu par de g\u00e9n\u00e9reux sponsors: <\/p>\n\n\n\n<figure class=\"wp-block-table is-style-stripes\"><table><tbody><tr><td><a href=\"http:\/\/www.e-scriptura.fr\"><img loading=\"lazy\" decoding=\"async\" width=\"800\" height=\"450\" class=\"wp-image-103\" style=\"width: 800px;\" src=\"http:\/\/carbon-lean.com\/wp-content\/uploads\/2020\/08\/escriptura.png\" alt=\"\" srcset=\"https:\/\/www.carbon-lean.com\/wp-content\/uploads\/2020\/08\/escriptura.png 1400w, https:\/\/www.carbon-lean.com\/wp-content\/uploads\/2020\/08\/escriptura-600x338.png 600w, https:\/\/www.carbon-lean.com\/wp-content\/uploads\/2020\/08\/escriptura-300x169.png 300w, https:\/\/www.carbon-lean.com\/wp-content\/uploads\/2020\/08\/escriptura-1024x576.png 1024w, https:\/\/www.carbon-lean.com\/wp-content\/uploads\/2020\/08\/escriptura-768x432.png 768w\" sizes=\"auto, (max-width: 800px) 100vw, 800px\" \/><\/a><\/td><td><strong>E-scriptur@ <\/strong>\u00e9crivaine publique au grand coeur &#8211; Conseils et prestations en \u00e9criture &#8211; Storytelling &#8211; R\u00e9daction web &#8211; Formation &#8211; Documentation &#8211; Soutien en fran\u00e7ais pour les particuliers, les TPE\/PME\/Artisans\/associations. Je pr\u00eate ma plume digitale pour accompagner et conseiller pour tous les projets d&rsquo;\u00e9criture et les probl\u00e9matiques li\u00e9es \u00e0 vos \u00e9crits.   <br>Mme MARTIN-ORTEGA Nad\u00e8ge &#8211; t\u00e9l : 06.63.69.16.40<br>site :&nbsp;<a rel=\"noreferrer noopener\" href=\"http:\/\/www.e-scriptura.fr\/\" target=\"_blank\">http:\/\/www.e-scriptura.fr<\/a>&nbsp;&nbsp; &#8211; mail :&nbsp;<a href=\"mailto:contact@e-scriptura.fr\">contact@e-scriptura.fr<\/a>&nbsp;<\/td><\/tr><tr><td><img loading=\"lazy\" decoding=\"async\" width=\"150\" height=\"150\" class=\"wp-image-104\" style=\"width: 150px;\" src=\"http:\/\/carbon-lean.com\/wp-content\/uploads\/2020\/08\/ensiie_logo_square_EvryCourcouronnes.png\" alt=\"\" srcset=\"https:\/\/www.carbon-lean.com\/wp-content\/uploads\/2020\/08\/ensiie_logo_square_EvryCourcouronnes.png 708w, https:\/\/www.carbon-lean.com\/wp-content\/uploads\/2020\/08\/ensiie_logo_square_EvryCourcouronnes-160x160.png 160w, https:\/\/www.carbon-lean.com\/wp-content\/uploads\/2020\/08\/ensiie_logo_square_EvryCourcouronnes-600x600.png 600w, https:\/\/www.carbon-lean.com\/wp-content\/uploads\/2020\/08\/ensiie_logo_square_EvryCourcouronnes-300x300.png 300w, https:\/\/www.carbon-lean.com\/wp-content\/uploads\/2020\/08\/ensiie_logo_square_EvryCourcouronnes-150x150.png 150w\" sizes=\"auto, (max-width: 150px) 100vw, 150px\" \/><\/td><td>Ecole Nationale Sup\u00e9rieure d&rsquo;Informatique pour l&rsquo;Industrie et l&rsquo;Entreprise : <a href=\"http:\/\/www.ensiie.fr\">http:\/\/www.ensiie.fr<\/a> <\/td><\/tr><tr><td><\/td><td>DFAGE<\/td><\/tr><tr><td><\/td><td>Dominique Barret<\/td><\/tr><\/tbody><\/table><\/figure>\n","protected":false},"excerpt":{"rendered":"<p>Derri\u00e8re Carbon Lean, il y a une id\u00e9e, celle de rendre simple et amusant notre apprentissage de notre impact carbone, et&#8230; une \u00e9quipe ! Les co-cr\u00e9ateurs du jeu Concepteur, illustrateurLorsqu&rsquo;il ne d\u00e9coupe pas des cartes, Mathieu r\u00e9fl\u00e9chit \u00e0 l&rsquo;impact environnemental de sa famille, et de son job ! Concepteur, d\u00e9veloppeurLorsqu&rsquo;il [&hellip;]<\/p>\n","protected":false},"author":1,"featured_media":0,"parent":0,"menu_order":0,"comment_status":"closed","ping_status":"closed","template":"","meta":{"footnotes":""},"categories":[13],"tags":[],"class_list":["post-98","page","type-page","status-publish","hentry","category-site"],"_links":{"self":[{"href":"https:\/\/www.carbon-lean.com\/index.php\/wp-json\/wp\/v2\/pages\/98","targetHints":{"allow":["GET"]}}],"collection":[{"href":"https:\/\/www.carbon-lean.com\/index.php\/wp-json\/wp\/v2\/pages"}],"about":[{"href":"https:\/\/www.carbon-lean.com\/index.php\/wp-json\/wp\/v2\/types\/page"}],"author":[{"embeddable":true,"href":"https:\/\/www.carbon-lean.com\/index.php\/wp-json\/wp\/v2\/users\/1"}],"replies":[{"embeddable":true,"href":"https:\/\/www.carbon-lean.com\/index.php\/wp-json\/wp\/v2\/comments?post=98"}],"version-history":[{"count":8,"href":"https:\/\/www.carbon-lean.com\/index.php\/wp-json\/wp\/v2\/pages\/98\/revisions"}],"predecessor-version":[{"id":661,"href":"https:\/\/www.carbon-lean.com\/index.php\/wp-json\/wp\/v2\/pages\/98\/revisions\/661"}],"wp:attachment":[{"href":"https:\/\/www.carbon-lean.com\/index.php\/wp-json\/wp\/v2\/media?parent=98"}],"wp:term":[{"taxonomy":"category","embeddable":true,"href":"https:\/\/www.carbon-lean.com\/index.php\/wp-json\/wp\/v2\/categories?post=98"},{"taxonomy":"post_tag","embeddable":true,"href":"https:\/\/www.carbon-lean.com\/index.php\/wp-json\/wp\/v2\/tags?post=98"}],"curies":[{"name":"wp","href":"https:\/\/api.w.org\/{rel}","templated":true}]}}