{"id":83,"date":"2020-08-30T17:01:26","date_gmt":"2020-08-30T15:01:26","guid":{"rendered":"http:\/\/carbon-lean.com\/?page_id=83"},"modified":"2020-10-12T00:43:15","modified_gmt":"2020-10-11T22:43:15","slug":"la-campagne","status":"publish","type":"page","link":"https:\/\/www.carbon-lean.com\/index.php\/la-campagne\/","title":{"rendered":"La Campagne participative"},"content":{"rendered":"\n<p>Le jeu a \u00e9t\u00e9 soutenu gr\u00e2ce \u00e0 une <a href=\"https:\/\/fr.ulule.com\/carbon-lean\/\">campagne participative avec la plate-forme ULULE<\/a>, entre Avril et Juin 2020.<\/p>\n\n\n\n<figure class=\"wp-block-image size-large\"><img loading=\"lazy\" decoding=\"async\" width=\"1024\" height=\"629\" src=\"http:\/\/carbon-lean.com\/wp-content\/uploads\/2020\/08\/8372F9C1-C3ED-4179-B38F-710A3FA4CE2D-1024x629.jpg\" alt=\"\" class=\"wp-image-158\" srcset=\"https:\/\/www.carbon-lean.com\/wp-content\/uploads\/2020\/08\/8372F9C1-C3ED-4179-B38F-710A3FA4CE2D-1024x629.jpg 1024w, https:\/\/www.carbon-lean.com\/wp-content\/uploads\/2020\/08\/8372F9C1-C3ED-4179-B38F-710A3FA4CE2D-600x368.jpg 600w, https:\/\/www.carbon-lean.com\/wp-content\/uploads\/2020\/08\/8372F9C1-C3ED-4179-B38F-710A3FA4CE2D-300x184.jpg 300w, https:\/\/www.carbon-lean.com\/wp-content\/uploads\/2020\/08\/8372F9C1-C3ED-4179-B38F-710A3FA4CE2D-768x471.jpg 768w, https:\/\/www.carbon-lean.com\/wp-content\/uploads\/2020\/08\/8372F9C1-C3ED-4179-B38F-710A3FA4CE2D-1536x943.jpg 1536w, https:\/\/www.carbon-lean.com\/wp-content\/uploads\/2020\/08\/8372F9C1-C3ED-4179-B38F-710A3FA4CE2D-2048x1257.jpg 2048w\" sizes=\"auto, (max-width: 1024px) 100vw, 1024px\" \/><figcaption>La premi\u00e8re version du jeu pr\u00e9sent\u00e9e sur ULULE<\/figcaption><\/figure>\n\n\n\n<div class=\"wp-block-buttons aligncenter is-layout-flex wp-block-buttons-is-layout-flex\">\n<div class=\"wp-block-button\"><a class=\"wp-block-button__link has-accent-background-color has-background\" href=\"https:\/\/fr.ulule.com\/carbon-lean\/\">Voir la campagne ULULE<\/a><\/div>\n<\/div>\n\n\n\n<p>Gr\u00e2ce \u00e0 la communaut\u00e9 qui a rapidement soutenu Carbon Lean, notre premier palier de financement (1500\u20ac) a \u00e9t\u00e9 atteint en 24h !<\/p>\n\n\n\n<figure class=\"wp-block-image size-large\"><img loading=\"lazy\" decoding=\"async\" width=\"1024\" height=\"576\" src=\"http:\/\/carbon-lean.com\/wp-content\/uploads\/2020\/08\/objectifs7-1024x576.png\" alt=\"\" class=\"wp-image-159\" srcset=\"https:\/\/www.carbon-lean.com\/wp-content\/uploads\/2020\/08\/objectifs7-1024x576.png 1024w, https:\/\/www.carbon-lean.com\/wp-content\/uploads\/2020\/08\/objectifs7-600x338.png 600w, https:\/\/www.carbon-lean.com\/wp-content\/uploads\/2020\/08\/objectifs7-300x169.png 300w, https:\/\/www.carbon-lean.com\/wp-content\/uploads\/2020\/08\/objectifs7-768x432.png 768w, https:\/\/www.carbon-lean.com\/wp-content\/uploads\/2020\/08\/objectifs7.png 1201w\" sizes=\"auto, (max-width: 1024px) 100vw, 1024px\" \/><\/figure>\n\n\n\n<p>Nous avons donc pu ajouter des \u00ab\u00a0bonus\u00a0\u00bb \u00e0 cette campagne, jusqu&rsquo;\u00e0 pouvoir faire intervenir une graphiste professionnelle, qui a int\u00e9gralement retravaill\u00e9 le jeu !<\/p>\n\n\n\n<p>Au total, ce sont pr\u00e8s de 280 jeux qui ont \u00e9t\u00e9 pr\u00e9-command\u00e9s lors de cette premi\u00e8re campagne !<\/p>\n","protected":false},"excerpt":{"rendered":"<p>Le jeu a \u00e9t\u00e9 soutenu gr\u00e2ce \u00e0 une campagne participative avec la plate-forme ULULE, entre Avril et Juin 2020. Gr\u00e2ce \u00e0 la communaut\u00e9 qui a rapidement soutenu Carbon Lean, notre premier palier de financement (1500\u20ac) a \u00e9t\u00e9 atteint en 24h ! Nous avons donc pu ajouter des \u00ab\u00a0bonus\u00a0\u00bb \u00e0 cette [&hellip;]<\/p>\n","protected":false},"author":1,"featured_media":0,"parent":0,"menu_order":0,"comment_status":"closed","ping_status":"closed","template":"","meta":{"footnotes":""},"categories":[13],"tags":[],"class_list":["post-83","page","type-page","status-publish","hentry","category-site"],"_links":{"self":[{"href":"https:\/\/www.carbon-lean.com\/index.php\/wp-json\/wp\/v2\/pages\/83","targetHints":{"allow":["GET"]}}],"collection":[{"href":"https:\/\/www.carbon-lean.com\/index.php\/wp-json\/wp\/v2\/pages"}],"about":[{"href":"https:\/\/www.carbon-lean.com\/index.php\/wp-json\/wp\/v2\/types\/page"}],"author":[{"embeddable":true,"href":"https:\/\/www.carbon-lean.com\/index.php\/wp-json\/wp\/v2\/users\/1"}],"replies":[{"embeddable":true,"href":"https:\/\/www.carbon-lean.com\/index.php\/wp-json\/wp\/v2\/comments?post=83"}],"version-history":[{"count":2,"href":"https:\/\/www.carbon-lean.com\/index.php\/wp-json\/wp\/v2\/pages\/83\/revisions"}],"predecessor-version":[{"id":160,"href":"https:\/\/www.carbon-lean.com\/index.php\/wp-json\/wp\/v2\/pages\/83\/revisions\/160"}],"wp:attachment":[{"href":"https:\/\/www.carbon-lean.com\/index.php\/wp-json\/wp\/v2\/media?parent=83"}],"wp:term":[{"taxonomy":"category","embeddable":true,"href":"https:\/\/www.carbon-lean.com\/index.php\/wp-json\/wp\/v2\/categories?post=83"},{"taxonomy":"post_tag","embeddable":true,"href":"https:\/\/www.carbon-lean.com\/index.php\/wp-json\/wp\/v2\/tags?post=83"}],"curies":[{"name":"wp","href":"https:\/\/api.w.org\/{rel}","templated":true}]}}