{"id":80,"date":"2020-08-30T17:01:26","date_gmt":"2020-08-30T15:01:26","guid":{"rendered":"http:\/\/carbon-lean.com\/?page_id=80"},"modified":"2021-05-31T15:57:09","modified_gmt":"2021-05-31T13:57:09","slug":"les-regles","status":"publish","type":"page","link":"https:\/\/www.carbon-lean.com\/index.php\/les-regles\/","title":{"rendered":"Les r\u00e8gles"},"content":{"rendered":"\n<p>Cliquez ci-dessous pour lire la derni\u00e8re version des r\u00e8gles du jeu, la t\u00e9l\u00e9charger en PDF, ou voir un tutoriel vid\u00e9o ! <\/p>\n\n\n\n<div class=\"wp-block-buttons is-layout-flex wp-block-buttons-is-layout-flex\">\n<div class=\"wp-block-button\"><a class=\"wp-block-button__link has-accent-background-color has-background\" href=\"https:\/\/www.carbon-lean.com\/wp-content\/uploads\/2021\/05\/Carbon-Lean-Regles-du-jeu-V1.4.pdf\" target=\"_blank\" rel=\"noreferrer noopener\">Voir en ligne les r\u00e8gles du jeu<\/a><\/div>\n<\/div>\n\n\n\n<div class=\"wp-block-file\"><a href=\"https:\/\/www.carbon-lean.com\/wp-content\/uploads\/2021\/05\/Carbon-Lean-Regles-du-jeu-V1.4.pdf\">Carbon Lean &#8211; R\u00e8gles du jeu V1.4<\/a><a href=\"https:\/\/www.carbon-lean.com\/wp-content\/uploads\/2021\/05\/Carbon-Lean-Regles-du-jeu-V1.4.pdf\" class=\"wp-block-file__button\" download>T\u00e9l\u00e9charger PDF<\/a><\/div>\n\n\n\n<figure class=\"wp-block-embed is-type-video is-provider-youtube wp-block-embed-youtube wp-embed-aspect-16-9 wp-has-aspect-ratio\"><div class=\"wp-block-embed__wrapper\">\n<iframe loading=\"lazy\" title=\"Carbon Lean - R\u00e8gles du Jeu -  Variantes 1 &amp; 2\" width=\"750\" height=\"422\" src=\"https:\/\/www.youtube.com\/embed\/UiaHncoSymA?feature=oembed\" frameborder=\"0\" allow=\"accelerometer; autoplay; clipboard-write; encrypted-media; gyroscope; picture-in-picture\" allowfullscreen><\/iframe>\n<\/div><figcaption>Variantes 1 et 2<\/figcaption><\/figure>\n\n\n\n<figure class=\"wp-block-embed is-type-video is-provider-youtube wp-block-embed-youtube wp-embed-aspect-16-9 wp-has-aspect-ratio\"><div class=\"wp-block-embed__wrapper\">\n<iframe loading=\"lazy\" title=\"Carbon Lean - R\u00e8gles du Jeu - Variante 3\" width=\"750\" height=\"422\" src=\"https:\/\/www.youtube.com\/embed\/rOiZxbZqiIc?feature=oembed\" frameborder=\"0\" allow=\"accelerometer; autoplay; clipboard-write; encrypted-media; gyroscope; picture-in-picture\" allowfullscreen><\/iframe>\n<\/div><figcaption>Variante 3 &#8211; le \u00ab\u00a0vrai\u00a0\u00bb jeu Carbon Lean !<\/figcaption><\/figure>\n","protected":false},"excerpt":{"rendered":"<p>Cliquez ci-dessous pour lire la derni\u00e8re version des r\u00e8gles du jeu, la t\u00e9l\u00e9charger en PDF, ou voir un tutoriel vid\u00e9o !<\/p>\n","protected":false},"author":1,"featured_media":0,"parent":0,"menu_order":0,"comment_status":"closed","ping_status":"closed","template":"","meta":{"footnotes":""},"categories":[13],"tags":[],"class_list":["post-80","page","type-page","status-publish","hentry","category-site"],"_links":{"self":[{"href":"https:\/\/www.carbon-lean.com\/index.php\/wp-json\/wp\/v2\/pages\/80","targetHints":{"allow":["GET"]}}],"collection":[{"href":"https:\/\/www.carbon-lean.com\/index.php\/wp-json\/wp\/v2\/pages"}],"about":[{"href":"https:\/\/www.carbon-lean.com\/index.php\/wp-json\/wp\/v2\/types\/page"}],"author":[{"embeddable":true,"href":"https:\/\/www.carbon-lean.com\/index.php\/wp-json\/wp\/v2\/users\/1"}],"replies":[{"embeddable":true,"href":"https:\/\/www.carbon-lean.com\/index.php\/wp-json\/wp\/v2\/comments?post=80"}],"version-history":[{"count":13,"href":"https:\/\/www.carbon-lean.com\/index.php\/wp-json\/wp\/v2\/pages\/80\/revisions"}],"predecessor-version":[{"id":633,"href":"https:\/\/www.carbon-lean.com\/index.php\/wp-json\/wp\/v2\/pages\/80\/revisions\/633"}],"wp:attachment":[{"href":"https:\/\/www.carbon-lean.com\/index.php\/wp-json\/wp\/v2\/media?parent=80"}],"wp:term":[{"taxonomy":"category","embeddable":true,"href":"https:\/\/www.carbon-lean.com\/index.php\/wp-json\/wp\/v2\/categories?post=80"},{"taxonomy":"post_tag","embeddable":true,"href":"https:\/\/www.carbon-lean.com\/index.php\/wp-json\/wp\/v2\/tags?post=80"}],"curies":[{"name":"wp","href":"https:\/\/api.w.org\/{rel}","templated":true}]}}