{"id":8,"date":"2020-10-14T00:13:06","date_gmt":"2020-10-13T22:13:06","guid":{"rendered":"http:\/\/carbon-lean.com\/index.php\/voiture-hybride-rechargeable\/"},"modified":"2020-10-14T00:13:07","modified_gmt":"2020-10-13T22:13:07","slug":"voiture-hybride-rechargeable","status":"publish","type":"page","link":"https:\/\/www.carbon-lean.com\/index.php\/voiture-hybride-rechargeable\/","title":{"rendered":"Voiture hybride rechargeable"},"content":{"rendered":"<h2>Voiture hybride rechargeable : 50 Km par semaine sur 1 an<\/h2>\n<p><\/p>\n<h2>Impact Carbone:<\/h2>\n<p><b>190,58<\/b> kg equivalent CO2 <\/p>\n<h2> D\u00e9tails<\/h2>\n<p>Sp\u00e9cifit\u00e9 de la carte v\u00e9hicules hybrides, les \u00e9missions sont d\u00e9finies en consid\u00e9rant une utilisation \u00ab\u00a0tout-\u00e9lectrique\u00a0\u00bb sur ses cycles urbains (= v\u00e9hicule toujours charg\u00e9). Pour contre-balancer cet effet, nous avons fait le choix d&rsquo;y int\u00e9grer les \u00e9missions li\u00e9es \u00e0 la fabrication du v\u00e9hicule (amorties sur son cycle de vie) afin de le rendre comparable aux cartes Voiture, Scooter, Moto,&#8230; Ce sont les hypoth\u00e8ses consid\u00e9r\u00e9es dans le rapport E4T de l&rsquo;ADEME.<br \/>Nous n&rsquo;avons pas trouv\u00e9 de donn\u00e9es suffisamment fiables pour r\u00e9aliser une carte voiture \u00e9lectrique, nous sommes donc rest\u00e9 \u00e0 l&rsquo;hybride ! Peut-\u00eatre pour une prochaine extension&#8230;<\/p>\n<h2>Source:<\/h2>\n<p>ADEME &#8211; Base Carbone &#8211; Voiture particuli\u00e8re &#8211; Coeur de gamme &#8211; V\u00e9hicule compact &#8211; Hybride rechargeable, plug in-hybrid, P2\/prius<\/p>\n<h3>Lien<\/h3>\n<p><a href=''><\/a><\/p>\n<h3>Autres liens<\/h3>\n<p><a href=''><\/a><br \/><a href=''><\/a><br \/><a href=''><\/a><br \/><a href=''><\/a><br \/><a href=''><\/a><br \/><a href=''><\/a><\/p>\n","protected":false},"excerpt":{"rendered":"<p>Voiture hybride rechargeable : 50 Km par semaine sur 1 an Impact Carbone: 190,58 kg equivalent CO2 D\u00e9tails Sp\u00e9cifit\u00e9 de la carte v\u00e9hicules hybrides, les \u00e9missions sont d\u00e9finies en consid\u00e9rant une utilisation \u00ab\u00a0tout-\u00e9lectrique\u00a0\u00bb sur ses cycles urbains (= v\u00e9hicule toujours charg\u00e9). Pour contre-balancer cet effet, nous avons fait le choix [&hellip;]<\/p>\n","protected":false},"author":1,"featured_media":0,"parent":0,"menu_order":0,"comment_status":"open","ping_status":"open","template":"","meta":{"footnotes":""},"categories":[7],"tags":[],"class_list":["post-8","page","type-page","status-publish","hentry","category-trajets"],"_links":{"self":[{"href":"https:\/\/www.carbon-lean.com\/index.php\/wp-json\/wp\/v2\/pages\/8","targetHints":{"allow":["GET"]}}],"collection":[{"href":"https:\/\/www.carbon-lean.com\/index.php\/wp-json\/wp\/v2\/pages"}],"about":[{"href":"https:\/\/www.carbon-lean.com\/index.php\/wp-json\/wp\/v2\/types\/page"}],"author":[{"embeddable":true,"href":"https:\/\/www.carbon-lean.com\/index.php\/wp-json\/wp\/v2\/users\/1"}],"replies":[{"embeddable":true,"href":"https:\/\/www.carbon-lean.com\/index.php\/wp-json\/wp\/v2\/comments?post=8"}],"version-history":[{"count":2,"href":"https:\/\/www.carbon-lean.com\/index.php\/wp-json\/wp\/v2\/pages\/8\/revisions"}],"predecessor-version":[{"id":334,"href":"https:\/\/www.carbon-lean.com\/index.php\/wp-json\/wp\/v2\/pages\/8\/revisions\/334"}],"wp:attachment":[{"href":"https:\/\/www.carbon-lean.com\/index.php\/wp-json\/wp\/v2\/media?parent=8"}],"wp:term":[{"taxonomy":"category","embeddable":true,"href":"https:\/\/www.carbon-lean.com\/index.php\/wp-json\/wp\/v2\/categories?post=8"},{"taxonomy":"post_tag","embeddable":true,"href":"https:\/\/www.carbon-lean.com\/index.php\/wp-json\/wp\/v2\/tags?post=8"}],"curies":[{"name":"wp","href":"https:\/\/api.w.org\/{rel}","templated":true}]}}