{"id":79,"date":"2020-08-30T17:01:26","date_gmt":"2020-08-30T15:01:26","guid":{"rendered":"http:\/\/carbon-lean.com\/?page_id=79"},"modified":"2021-03-27T11:40:00","modified_gmt":"2021-03-27T10:40:00","slug":"le-jeu","status":"publish","type":"page","link":"https:\/\/www.carbon-lean.com\/index.php\/le-jeu\/","title":{"rendered":"Carbon Lean: le jeu de cartes"},"content":{"rendered":"\n<figure class=\"wp-block-embed is-type-video is-provider-vimeo wp-block-embed-vimeo wp-embed-aspect-16-9 wp-has-aspect-ratio\"><div class=\"wp-block-embed__wrapper\">\n<iframe loading=\"lazy\" title=\"Carbon Lean : Le jeu de cartes\" src=\"https:\/\/player.vimeo.com\/video\/409843996?dnt=1&amp;app_id=122963\" width=\"750\" height=\"422\" frameborder=\"0\" allow=\"autoplay; fullscreen\" allowfullscreen><\/iframe>\n<\/div><\/figure>\n\n\n\n<p>Dans Carbon Lean, vous repr\u00e9sentez un citoyen, ayant la capacit\u00e9 de \u201cconsommer\u201d diff\u00e9rents produits, biens et services. Chacun d\u2019eux ont un \u201cco\u00fbt carbone\u201d en \u00e9missions de CO2 &#8211; calcul\u00e9 en Kilos Equivalent CO2 (kgCO2) selon des chiffres officiels et r\u00e9f\u00e9renc\u00e9s.Votre objectif est de diminuer votre \u201cbilan carbone total\u201d en choisissant les produits, biens et services qui consomment le moins par rapport aux autres joueurs !<br>&nbsp;<br>Le jeu Carbon Lean peut \u00eatre utilis\u00e9 selon diff\u00e9rentes variantes, de difficult\u00e9 croissante (1, 2 et 3), permettant ainsi \u00e0 toute la famille de jouer ! Il vous permet \u00e9galement d\u2019estimer votre propre bilan carbone.<br>&nbsp;<br>Nous vous conseillons de jouer au moins une fois aux variantes 1 et 2, pour mieux d\u00e9couvrir les cartes et leur \u201cco\u00fbt\u201d en \u00ab\u00a0kilogrammes \u00e9quivalent CO2\u00a0\u00bb &#8211; avant d\u2019entamer de nombreuses parties de la variante 3 !<\/p>\n\n\n\n<div class=\"wp-block-buttons is-content-justification-center is-layout-flex wp-block-buttons-is-layout-flex\">\n<div class=\"wp-block-button\"><a class=\"wp-block-button__link\" href=\"http:\/\/carbon-lean.com\/index.php\/les-regles\/\">Voir les r\u00e8gles du jeu<\/a><\/div>\n\n\n\n<div class=\"wp-block-button\"><a class=\"wp-block-button__link has-header-gradient-background-color has-background\" href=\"http:\/\/www.carbon-lean.com\/index.php\/boutique\/\">Voir la Boutique<\/a><\/div>\n<\/div>\n\n\n\n<figure class=\"wp-block-image size-large\"><img loading=\"lazy\" decoding=\"async\" width=\"1024\" height=\"969\" src=\"http:\/\/carbon-lean.com\/wp-content\/uploads\/2020\/08\/Carbon-Lean-Boite-1-1-1024x969.jpg\" alt=\"\" class=\"wp-image-94\" srcset=\"https:\/\/www.carbon-lean.com\/wp-content\/uploads\/2020\/08\/Carbon-Lean-Boite-1-1-1024x969.jpg 1024w, https:\/\/www.carbon-lean.com\/wp-content\/uploads\/2020\/08\/Carbon-Lean-Boite-1-1-600x568.jpg 600w, https:\/\/www.carbon-lean.com\/wp-content\/uploads\/2020\/08\/Carbon-Lean-Boite-1-1-300x284.jpg 300w, https:\/\/www.carbon-lean.com\/wp-content\/uploads\/2020\/08\/Carbon-Lean-Boite-1-1-768x727.jpg 768w, https:\/\/www.carbon-lean.com\/wp-content\/uploads\/2020\/08\/Carbon-Lean-Boite-1-1.jpg 1536w\" sizes=\"auto, (max-width: 1024px) 100vw, 1024px\" \/><figcaption>Carbon Lean &#8211; Edition 1 &#8211; Septembre 2020<\/figcaption><\/figure>\n\n\n\n<h2 class=\"wp-block-heading\"> Pourquoi <strong><em>un jeu<\/em><\/strong> sur l&rsquo;impact carbone ?<\/h2>\n\n\n\n<p>Avant m\u00eame la cr\u00e9ation de ce jeu, nous voulions, \u00e0 notre \u00e9chelle, comprendre ce qui, dans nos comportements, a un impact important sur le r\u00e9chauffement climatique. Et nous avons d\u00e9couvert qu&rsquo;il est tr\u00e8s difficile d&rsquo;avoir des \u00ab\u00a0ordres de grandeur\u00a0\u00bb facilement !<\/p>\n\n\n\n<p>On trouve sur tous nos produits alimentaires les impacts \u00e9nerg\u00e9tiques (calories,\u2026) mais pour conna\u00eetre l&rsquo;impact CO2, il faut passer quelques heures \u00e0 fouiller sur internet !<\/p>\n\n\n\n<p>Nous avons d\u00e9cid\u00e9 de cr\u00e9er un jeu pour permettre \u00e0 chacun de d\u00e9couvrir ces \u00ab\u00a0ordres de grandeur\u00a0\u00bb et ainsi pouvoir en discuter en famille, entre amis\u2026 <strong>parce que si chacun fait un pas, c&rsquo;est le monde qui va bouger !<\/strong><\/p>\n","protected":false},"excerpt":{"rendered":"<p>Dans Carbon Lean, vous repr\u00e9sentez un citoyen, ayant la capacit\u00e9 de \u201cconsommer\u201d diff\u00e9rents produits, biens et services. Chacun d\u2019eux ont un \u201cco\u00fbt carbone\u201d en \u00e9missions de CO2 &#8211; calcul\u00e9 en Kilos Equivalent CO2 (kgCO2) selon des chiffres officiels et r\u00e9f\u00e9renc\u00e9s.Votre objectif est de diminuer votre \u201cbilan carbone total\u201d en choisissant [&hellip;]<\/p>\n","protected":false},"author":1,"featured_media":0,"parent":0,"menu_order":0,"comment_status":"closed","ping_status":"closed","template":"","meta":{"footnotes":""},"categories":[13],"tags":[],"class_list":["post-79","page","type-page","status-publish","hentry","category-site"],"_links":{"self":[{"href":"https:\/\/www.carbon-lean.com\/index.php\/wp-json\/wp\/v2\/pages\/79","targetHints":{"allow":["GET"]}}],"collection":[{"href":"https:\/\/www.carbon-lean.com\/index.php\/wp-json\/wp\/v2\/pages"}],"about":[{"href":"https:\/\/www.carbon-lean.com\/index.php\/wp-json\/wp\/v2\/types\/page"}],"author":[{"embeddable":true,"href":"https:\/\/www.carbon-lean.com\/index.php\/wp-json\/wp\/v2\/users\/1"}],"replies":[{"embeddable":true,"href":"https:\/\/www.carbon-lean.com\/index.php\/wp-json\/wp\/v2\/comments?post=79"}],"version-history":[{"count":4,"href":"https:\/\/www.carbon-lean.com\/index.php\/wp-json\/wp\/v2\/pages\/79\/revisions"}],"predecessor-version":[{"id":445,"href":"https:\/\/www.carbon-lean.com\/index.php\/wp-json\/wp\/v2\/pages\/79\/revisions\/445"}],"wp:attachment":[{"href":"https:\/\/www.carbon-lean.com\/index.php\/wp-json\/wp\/v2\/media?parent=79"}],"wp:term":[{"taxonomy":"category","embeddable":true,"href":"https:\/\/www.carbon-lean.com\/index.php\/wp-json\/wp\/v2\/categories?post=79"},{"taxonomy":"post_tag","embeddable":true,"href":"https:\/\/www.carbon-lean.com\/index.php\/wp-json\/wp\/v2\/tags?post=79"}],"curies":[{"name":"wp","href":"https:\/\/api.w.org\/{rel}","templated":true}]}}