{"id":60,"date":"2020-10-14T00:13:09","date_gmt":"2020-10-13T22:13:09","guid":{"rendered":"http:\/\/carbon-lean.com\/index.php\/streaming\/"},"modified":"2020-10-14T00:13:09","modified_gmt":"2020-10-13T22:13:09","slug":"streaming","status":"publish","type":"page","link":"https:\/\/www.carbon-lean.com\/index.php\/streaming\/","title":{"rendered":"Streaming"},"content":{"rendered":"<h2>Streaming : 10h par semaine sur 1 an<\/h2>\n<p><\/p>\n<h2>Impact Carbone:<\/h2>\n<p><b>3<\/b> kg equivalent CO2 <\/p>\n<h2> D\u00e9tails<\/h2>\n<p>Ah le streaming! Gros d\u00e9bat autour de son niveau d&rsquo;\u00e9mission. Alors pourquoi est-il si bas sur cette carte, notamment par arpport \u00e0 la carte des E-mails? Si vous avez la r\u00e9ponse contactez nous! mais notre meilleure piste r\u00e9side dans le fait que g\u00e9n\u00e9rer un E-mail, c&rsquo;est g\u00e9n\u00e9rer un besoin de stockage sur des serveurs&#8230; \u00e7a a donc un \u00e9ffet r\u00e9siduel. Consommer du streaming, c&rsquo;est utiliser de l&rsquo;\u00e9nergie pour acc\u00e8der \u00e0 quelque chose qui est d\u00e9j\u00e0 stock\u00e9 ! L&rsquo;effet pervers se trouve dans le fait que plus l&rsquo;on va consommer de streaming, plus l&rsquo;offre va s&rsquo;\u00e9toffer, augmentant ainsi indirectement les besoins en stockage \u00e9galement&#8230;. mais la consommation en elle-m\u00eame n&rsquo;est finalement pas grand chose&#8230; Pour plus d&rsquo;informations, vous pouvez suivre les liens ci-dessous.<\/p>\n<h2>Source:<\/h2>\n<p>International Energy Agency &#8211; <\/p>\n<h3>Lien<\/h3>\n<p><a href='https:\/\/www.iea.org\/commentaries\/the-carbon-footprint-of-streaming-video-fact-checking-the-headlines'>https:\/\/www.iea.org\/commentaries\/the-carbon-footprint-of-streaming-video-fact-checking-the-headlines<\/a><\/p>\n<h3>Autres liens<\/h3>\n<p><a href=''><\/a><br \/><a href='https:\/\/factuel.afp.com\/email-streaming-informatique-le-vrai-du-faux-de-limpact-energetique-de-trois-pratiques-numeriques'>https:\/\/factuel.afp.com\/email-streaming-informatique-le-vrai-du-faux-de-limpact-energetique-de-trois-pratiques-numeriques<\/a><br \/><a href='https:\/\/iopscience.iop.org\/article\/10.1088\/1748-9326\/9\/5\/054007'>https:\/\/iopscience.iop.org\/article\/10.1088\/1748-9326\/9\/5\/054007<\/a><br \/><a href='https:\/\/theshiftproject.org\/article\/climat-insoutenable-usage-video\/'>https:\/\/theshiftproject.org\/article\/climat-insoutenable-usage-video\/<\/a><br \/><a href=''><\/a><br \/><a href=''><\/a><\/p>\n","protected":false},"excerpt":{"rendered":"<p>Streaming : 10h par semaine sur 1 an Impact Carbone: 3 kg equivalent CO2 D\u00e9tails Ah le streaming! Gros d\u00e9bat autour de son niveau d&rsquo;\u00e9mission. Alors pourquoi est-il si bas sur cette carte, notamment par arpport \u00e0 la carte des E-mails? Si vous avez la r\u00e9ponse contactez nous! mais notre [&hellip;]<\/p>\n","protected":false},"author":1,"featured_media":0,"parent":0,"menu_order":0,"comment_status":"open","ping_status":"open","template":"","meta":{"footnotes":""},"categories":[3],"tags":[],"class_list":["post-60","page","type-page","status-publish","hentry","category-logement"],"_links":{"self":[{"href":"https:\/\/www.carbon-lean.com\/index.php\/wp-json\/wp\/v2\/pages\/60","targetHints":{"allow":["GET"]}}],"collection":[{"href":"https:\/\/www.carbon-lean.com\/index.php\/wp-json\/wp\/v2\/pages"}],"about":[{"href":"https:\/\/www.carbon-lean.com\/index.php\/wp-json\/wp\/v2\/types\/page"}],"author":[{"embeddable":true,"href":"https:\/\/www.carbon-lean.com\/index.php\/wp-json\/wp\/v2\/users\/1"}],"replies":[{"embeddable":true,"href":"https:\/\/www.carbon-lean.com\/index.php\/wp-json\/wp\/v2\/comments?post=60"}],"version-history":[{"count":2,"href":"https:\/\/www.carbon-lean.com\/index.php\/wp-json\/wp\/v2\/pages\/60\/revisions"}],"predecessor-version":[{"id":325,"href":"https:\/\/www.carbon-lean.com\/index.php\/wp-json\/wp\/v2\/pages\/60\/revisions\/325"}],"wp:attachment":[{"href":"https:\/\/www.carbon-lean.com\/index.php\/wp-json\/wp\/v2\/media?parent=60"}],"wp:term":[{"taxonomy":"category","embeddable":true,"href":"https:\/\/www.carbon-lean.com\/index.php\/wp-json\/wp\/v2\/categories?post=60"},{"taxonomy":"post_tag","embeddable":true,"href":"https:\/\/www.carbon-lean.com\/index.php\/wp-json\/wp\/v2\/tags?post=60"}],"curies":[{"name":"wp","href":"https:\/\/api.w.org\/{rel}","templated":true}]}}