{"id":56,"date":"2020-10-14T00:13:09","date_gmt":"2020-10-13T22:13:09","guid":{"rendered":"http:\/\/carbon-lean.com\/index.php\/electricite\/"},"modified":"2020-10-14T00:13:09","modified_gmt":"2020-10-13T22:13:09","slug":"electricite","status":"publish","type":"page","link":"https:\/\/www.carbon-lean.com\/index.php\/electricite\/","title":{"rendered":"\u00c9lectricit\u00e9"},"content":{"rendered":"<h2>\u00c9lectricit\u00e9 : 1000 kWh d&rsquo;\u00e9nergie<\/h2>\n<p><\/p>\n<h2>Impact Carbone:<\/h2>\n<p><b>57,1<\/b> kg equivalent CO2 <\/p>\n<h2> D\u00e9tails<\/h2>\n<p>Il s&rsquo;agit l\u00e0 des \u00e9missions associ\u00e9es \u00e0 de l&rsquo;\u00e9lectricit\u00e9 produite en France. C&rsquo;est-\u00e0-dire avec une part de nucl\u00e9aire importante. Si on transpose cette carte dans un pays qui produit son \u00e9l\u00e9ctricit\u00e9 principalement au charbon, on peut multiplier la quantit\u00e9 d&rsquo;\u00e9missions par un facteur 10!<\/p>\n<h2>Source:<\/h2>\n<p>ADEME &#8211; Base Carbone &#8211; Electricit\u00e9 &#8211; 2018 &#8211; mix moyen &#8211; consommation<\/p>\n<h3>Lien<\/h3>\n<p><a href=''><\/a><\/p>\n<h3>Autres liens<\/h3>\n<p><a href=''><\/a><br \/><a href=''><\/a><br \/><a href=''><\/a><br \/><a href=''><\/a><br \/><a href=''><\/a><br \/><a href=''><\/a><\/p>\n","protected":false},"excerpt":{"rendered":"<p>\u00c9lectricit\u00e9 : 1000 kWh d&rsquo;\u00e9nergie Impact Carbone: 57,1 kg equivalent CO2 D\u00e9tails Il s&rsquo;agit l\u00e0 des \u00e9missions associ\u00e9es \u00e0 de l&rsquo;\u00e9lectricit\u00e9 produite en France. C&rsquo;est-\u00e0-dire avec une part de nucl\u00e9aire importante. Si on transpose cette carte dans un pays qui produit son \u00e9l\u00e9ctricit\u00e9 principalement au charbon, on peut multiplier la [&hellip;]<\/p>\n","protected":false},"author":1,"featured_media":0,"parent":0,"menu_order":0,"comment_status":"open","ping_status":"open","template":"","meta":{"footnotes":""},"categories":[3],"tags":[],"class_list":["post-56","page","type-page","status-publish","hentry","category-logement"],"_links":{"self":[{"href":"https:\/\/www.carbon-lean.com\/index.php\/wp-json\/wp\/v2\/pages\/56","targetHints":{"allow":["GET"]}}],"collection":[{"href":"https:\/\/www.carbon-lean.com\/index.php\/wp-json\/wp\/v2\/pages"}],"about":[{"href":"https:\/\/www.carbon-lean.com\/index.php\/wp-json\/wp\/v2\/types\/page"}],"author":[{"embeddable":true,"href":"https:\/\/www.carbon-lean.com\/index.php\/wp-json\/wp\/v2\/users\/1"}],"replies":[{"embeddable":true,"href":"https:\/\/www.carbon-lean.com\/index.php\/wp-json\/wp\/v2\/comments?post=56"}],"version-history":[{"count":2,"href":"https:\/\/www.carbon-lean.com\/index.php\/wp-json\/wp\/v2\/pages\/56\/revisions"}],"predecessor-version":[{"id":293,"href":"https:\/\/www.carbon-lean.com\/index.php\/wp-json\/wp\/v2\/pages\/56\/revisions\/293"}],"wp:attachment":[{"href":"https:\/\/www.carbon-lean.com\/index.php\/wp-json\/wp\/v2\/media?parent=56"}],"wp:term":[{"taxonomy":"category","embeddable":true,"href":"https:\/\/www.carbon-lean.com\/index.php\/wp-json\/wp\/v2\/categories?post=56"},{"taxonomy":"post_tag","embeddable":true,"href":"https:\/\/www.carbon-lean.com\/index.php\/wp-json\/wp\/v2\/tags?post=56"}],"curies":[{"name":"wp","href":"https:\/\/api.w.org\/{rel}","templated":true}]}}