{"id":53,"date":"2020-10-14T00:13:06","date_gmt":"2020-10-13T22:13:06","guid":{"rendered":"http:\/\/carbon-lean.com\/index.php\/eau\/"},"modified":"2020-10-14T00:13:09","modified_gmt":"2020-10-13T22:13:09","slug":"eau","status":"publish","type":"page","link":"https:\/\/www.carbon-lean.com\/index.php\/eau\/","title":{"rendered":"Eau"},"content":{"rendered":"<h2>Eau : 40m3 d&rsquo;eau du robinet (Conso moyenne \/ fran\u00e7ais)<\/h2>\n<p><\/p>\n<h2>Impact Carbone:<\/h2>\n<p><b>6<\/b> kg equivalent CO2 <\/p>\n<h2> D\u00e9tails<\/h2>\n<p>Nous avons pris en r\u00e9f\u00e9rence le volume d&rsquo;eau du robinet utilis\u00e9e en moyenne par Fran\u00e7ais sur 1an.<\/p>\n<h2>Source:<\/h2>\n<p>ADEME &#8211; Base Carbone &#8211; Eau &#8211; du robinet<\/p>\n<h3>Lien<\/h3>\n<p><a href=''><\/a><\/p>\n<h3>Autres liens<\/h3>\n<p><a href=''><\/a><br \/><a href=''><\/a><br \/><a href=''><\/a><br \/><a href=''><\/a><br \/><a href=''><\/a><br \/><a href=''><\/a><\/p>\n","protected":false},"excerpt":{"rendered":"<p>Eau : 40m3 d&rsquo;eau du robinet (Conso moyenne \/ fran\u00e7ais) Impact Carbone: 6 kg equivalent CO2 D\u00e9tails Nous avons pris en r\u00e9f\u00e9rence le volume d&rsquo;eau du robinet utilis\u00e9e en moyenne par Fran\u00e7ais sur 1an. Source: ADEME &#8211; Base Carbone &#8211; Eau &#8211; du robinet Lien Autres liens<\/p>\n","protected":false},"author":1,"featured_media":0,"parent":0,"menu_order":0,"comment_status":"open","ping_status":"open","template":"","meta":{"footnotes":""},"categories":[3],"tags":[],"class_list":["post-53","page","type-page","status-publish","hentry","category-logement"],"_links":{"self":[{"href":"https:\/\/www.carbon-lean.com\/index.php\/wp-json\/wp\/v2\/pages\/53","targetHints":{"allow":["GET"]}}],"collection":[{"href":"https:\/\/www.carbon-lean.com\/index.php\/wp-json\/wp\/v2\/pages"}],"about":[{"href":"https:\/\/www.carbon-lean.com\/index.php\/wp-json\/wp\/v2\/types\/page"}],"author":[{"embeddable":true,"href":"https:\/\/www.carbon-lean.com\/index.php\/wp-json\/wp\/v2\/users\/1"}],"replies":[{"embeddable":true,"href":"https:\/\/www.carbon-lean.com\/index.php\/wp-json\/wp\/v2\/comments?post=53"}],"version-history":[{"count":2,"href":"https:\/\/www.carbon-lean.com\/index.php\/wp-json\/wp\/v2\/pages\/53\/revisions"}],"predecessor-version":[{"id":292,"href":"https:\/\/www.carbon-lean.com\/index.php\/wp-json\/wp\/v2\/pages\/53\/revisions\/292"}],"wp:attachment":[{"href":"https:\/\/www.carbon-lean.com\/index.php\/wp-json\/wp\/v2\/media?parent=53"}],"wp:term":[{"taxonomy":"category","embeddable":true,"href":"https:\/\/www.carbon-lean.com\/index.php\/wp-json\/wp\/v2\/categories?post=53"},{"taxonomy":"post_tag","embeddable":true,"href":"https:\/\/www.carbon-lean.com\/index.php\/wp-json\/wp\/v2\/tags?post=53"}],"curies":[{"name":"wp","href":"https:\/\/api.w.org\/{rel}","templated":true}]}}