{"id":5,"date":"2020-10-14T00:13:06","date_gmt":"2020-10-13T22:13:06","guid":{"rendered":"http:\/\/carbon-lean.com\/index.php\/metro-tram\/"},"modified":"2020-10-14T00:13:07","modified_gmt":"2020-10-13T22:13:07","slug":"metro-tram","status":"publish","type":"page","link":"https:\/\/www.carbon-lean.com\/index.php\/metro-tram\/","title":{"rendered":"M\u00e9tro \/ Tram"},"content":{"rendered":"<h2>M\u00e9tro \/ Tram : 50 Km par semaine sur 1 an<\/h2>\n<p><\/p>\n<h2>Impact Carbone:<\/h2>\n<p><b>7,748<\/b> kg equivalent CO2 <\/p>\n<h2> D\u00e9tails<\/h2>\n<p>Qui dit m\u00e9tro ou Tram dit mobilit\u00e9 \u00e9lectrique&#8230; et donc faible niveau d&rsquo;\u00e9missions!<br \/>Bien qu&rsquo;en partie p\u00e9nalis\u00e9 par une mise \u00e0 disposition permanente du service, quasi-ind\u00e9pendamment du taux de fr\u00e9quentation tout au long de la journ\u00e9e, ce moyen de transport reste avantageux d&rsquo;un point de vue environnemental.<\/p>\n<h2>Source:<\/h2>\n<p>ADEME &#8211; Base Carbone &#8211; M\u00e9tro, tramway, trolleybus &#8211; 2018 &#8211; Agglom\u00e9ration > \u00e0 250 000 habitants<\/p>\n<h3>Lien<\/h3>\n<p><a href=''><\/a><\/p>\n<h3>Autres liens<\/h3>\n<p><a href=''><\/a><br \/><a href=''><\/a><br \/><a href=''><\/a><br \/><a href=''><\/a><br \/><a href=''><\/a><br \/><a href=''><\/a><\/p>\n","protected":false},"excerpt":{"rendered":"<p>M\u00e9tro \/ Tram : 50 Km par semaine sur 1 an Impact Carbone: 7,748 kg equivalent CO2 D\u00e9tails Qui dit m\u00e9tro ou Tram dit mobilit\u00e9 \u00e9lectrique&#8230; et donc faible niveau d&rsquo;\u00e9missions!Bien qu&rsquo;en partie p\u00e9nalis\u00e9 par une mise \u00e0 disposition permanente du service, quasi-ind\u00e9pendamment du taux de fr\u00e9quentation tout au long [&hellip;]<\/p>\n","protected":false},"author":1,"featured_media":0,"parent":0,"menu_order":0,"comment_status":"open","ping_status":"open","template":"","meta":{"footnotes":""},"categories":[7],"tags":[],"class_list":["post-5","page","type-page","status-publish","hentry","category-trajets"],"_links":{"self":[{"href":"https:\/\/www.carbon-lean.com\/index.php\/wp-json\/wp\/v2\/pages\/5","targetHints":{"allow":["GET"]}}],"collection":[{"href":"https:\/\/www.carbon-lean.com\/index.php\/wp-json\/wp\/v2\/pages"}],"about":[{"href":"https:\/\/www.carbon-lean.com\/index.php\/wp-json\/wp\/v2\/types\/page"}],"author":[{"embeddable":true,"href":"https:\/\/www.carbon-lean.com\/index.php\/wp-json\/wp\/v2\/users\/1"}],"replies":[{"embeddable":true,"href":"https:\/\/www.carbon-lean.com\/index.php\/wp-json\/wp\/v2\/comments?post=5"}],"version-history":[{"count":2,"href":"https:\/\/www.carbon-lean.com\/index.php\/wp-json\/wp\/v2\/pages\/5\/revisions"}],"predecessor-version":[{"id":309,"href":"https:\/\/www.carbon-lean.com\/index.php\/wp-json\/wp\/v2\/pages\/5\/revisions\/309"}],"wp:attachment":[{"href":"https:\/\/www.carbon-lean.com\/index.php\/wp-json\/wp\/v2\/media?parent=5"}],"wp:term":[{"taxonomy":"category","embeddable":true,"href":"https:\/\/www.carbon-lean.com\/index.php\/wp-json\/wp\/v2\/categories?post=5"},{"taxonomy":"post_tag","embeddable":true,"href":"https:\/\/www.carbon-lean.com\/index.php\/wp-json\/wp\/v2\/tags?post=5"}],"curies":[{"name":"wp","href":"https:\/\/api.w.org\/{rel}","templated":true}]}}