{"id":44,"date":"2020-10-14T00:13:06","date_gmt":"2020-10-13T22:13:06","guid":{"rendered":"http:\/\/carbon-lean.com\/index.php\/chaise\/"},"modified":"2020-10-14T00:13:08","modified_gmt":"2020-10-13T22:13:08","slug":"chaise","status":"publish","type":"page","link":"https:\/\/www.carbon-lean.com\/index.php\/chaise\/","title":{"rendered":"Chaise"},"content":{"rendered":"<h2>Chaise : 1 chaise en plastique<\/h2>\n<p><\/p>\n<h2>Impact Carbone:<\/h2>\n<p><b>34,4<\/b> kg equivalent CO2 <\/p>\n<h2> D\u00e9tails<\/h2>\n<p>Les \u00e9missions sont ici celles g\u00e9n\u00e9r\u00e9es par l&rsquo;ensemble de la chaine de production et distribution du produit. Le l&rsquo;extraction des mati\u00e8res premi\u00e8res jusqu&rsquo;\u00e0 la porte du magasin.<\/p>\n<h2>Source:<\/h2>\n<p>ADEME &#8211; Base Carbone &#8211; Chaise &#8211; plastique<\/p>\n<h3>Lien<\/h3>\n<p><a href=''><\/a><\/p>\n<h3>Autres liens<\/h3>\n<p><a href=''><\/a><br \/><a href=''><\/a><br \/><a href=''><\/a><br \/><a href=''><\/a><br \/><a href=''><\/a><br \/><a href=''><\/a><\/p>\n","protected":false},"excerpt":{"rendered":"<p>Chaise : 1 chaise en plastique Impact Carbone: 34,4 kg equivalent CO2 D\u00e9tails Les \u00e9missions sont ici celles g\u00e9n\u00e9r\u00e9es par l&rsquo;ensemble de la chaine de production et distribution du produit. Le l&rsquo;extraction des mati\u00e8res premi\u00e8res jusqu&rsquo;\u00e0 la porte du magasin. Source: ADEME &#8211; Base Carbone &#8211; Chaise &#8211; plastique Lien [&hellip;]<\/p>\n","protected":false},"author":1,"featured_media":0,"parent":0,"menu_order":0,"comment_status":"open","ping_status":"open","template":"","meta":{"footnotes":""},"categories":[4],"tags":[],"class_list":["post-44","page","type-page","status-publish","hentry","category-conso"],"_links":{"self":[{"href":"https:\/\/www.carbon-lean.com\/index.php\/wp-json\/wp\/v2\/pages\/44","targetHints":{"allow":["GET"]}}],"collection":[{"href":"https:\/\/www.carbon-lean.com\/index.php\/wp-json\/wp\/v2\/pages"}],"about":[{"href":"https:\/\/www.carbon-lean.com\/index.php\/wp-json\/wp\/v2\/types\/page"}],"author":[{"embeddable":true,"href":"https:\/\/www.carbon-lean.com\/index.php\/wp-json\/wp\/v2\/users\/1"}],"replies":[{"embeddable":true,"href":"https:\/\/www.carbon-lean.com\/index.php\/wp-json\/wp\/v2\/comments?post=44"}],"version-history":[{"count":2,"href":"https:\/\/www.carbon-lean.com\/index.php\/wp-json\/wp\/v2\/pages\/44\/revisions"}],"predecessor-version":[{"id":278,"href":"https:\/\/www.carbon-lean.com\/index.php\/wp-json\/wp\/v2\/pages\/44\/revisions\/278"}],"wp:attachment":[{"href":"https:\/\/www.carbon-lean.com\/index.php\/wp-json\/wp\/v2\/media?parent=44"}],"wp:term":[{"taxonomy":"category","embeddable":true,"href":"https:\/\/www.carbon-lean.com\/index.php\/wp-json\/wp\/v2\/categories?post=44"},{"taxonomy":"post_tag","embeddable":true,"href":"https:\/\/www.carbon-lean.com\/index.php\/wp-json\/wp\/v2\/tags?post=44"}],"curies":[{"name":"wp","href":"https:\/\/api.w.org\/{rel}","templated":true}]}}