{"id":39,"date":"2020-10-14T00:13:06","date_gmt":"2020-10-13T22:13:06","guid":{"rendered":"http:\/\/carbon-lean.com\/index.php\/fleurs\/"},"modified":"2020-10-14T00:13:08","modified_gmt":"2020-10-13T22:13:08","slug":"fleurs","status":"publish","type":"page","link":"https:\/\/www.carbon-lean.com\/index.php\/fleurs\/","title":{"rendered":"Fleurs"},"content":{"rendered":"<h2>Fleurs : 1 bouquet de 10 roses<\/h2>\n<p><\/p>\n<h2>Impact Carbone:<\/h2>\n<p><b>10,8<\/b> kg equivalent CO2 <\/p>\n<h2> D\u00e9tails<\/h2>\n<h2>Source:<\/h2>\n<p>ADEME &#8211; Base Carbone &#8211; Rose fleur coup\u00e9e hors sol &#8211; lutte conventionnelle, chauff\u00e9e (et \u00e9clair\u00e9e) &#8211; sortie serre<\/p>\n<h3>Lien<\/h3>\n<p><a href=''><\/a><\/p>\n<h3>Autres liens<\/h3>\n<p><a href=''><\/a><br \/><a href=''><\/a><br \/><a href=''><\/a><br \/><a href=''><\/a><br \/><a href=''><\/a><br \/><a href=''><\/a><\/p>\n","protected":false},"excerpt":{"rendered":"<p>Fleurs : 1 bouquet de 10 roses Impact Carbone: 10,8 kg equivalent CO2 D\u00e9tails Source: ADEME &#8211; Base Carbone &#8211; Rose fleur coup\u00e9e hors sol &#8211; lutte conventionnelle, chauff\u00e9e (et \u00e9clair\u00e9e) &#8211; sortie serre Lien Autres liens<\/p>\n","protected":false},"author":1,"featured_media":0,"parent":0,"menu_order":0,"comment_status":"open","ping_status":"open","template":"","meta":{"footnotes":""},"categories":[4],"tags":[],"class_list":["post-39","page","type-page","status-publish","hentry","category-conso"],"_links":{"self":[{"href":"https:\/\/www.carbon-lean.com\/index.php\/wp-json\/wp\/v2\/pages\/39","targetHints":{"allow":["GET"]}}],"collection":[{"href":"https:\/\/www.carbon-lean.com\/index.php\/wp-json\/wp\/v2\/pages"}],"about":[{"href":"https:\/\/www.carbon-lean.com\/index.php\/wp-json\/wp\/v2\/types\/page"}],"author":[{"embeddable":true,"href":"https:\/\/www.carbon-lean.com\/index.php\/wp-json\/wp\/v2\/users\/1"}],"replies":[{"embeddable":true,"href":"https:\/\/www.carbon-lean.com\/index.php\/wp-json\/wp\/v2\/comments?post=39"}],"version-history":[{"count":2,"href":"https:\/\/www.carbon-lean.com\/index.php\/wp-json\/wp\/v2\/pages\/39\/revisions"}],"predecessor-version":[{"id":296,"href":"https:\/\/www.carbon-lean.com\/index.php\/wp-json\/wp\/v2\/pages\/39\/revisions\/296"}],"wp:attachment":[{"href":"https:\/\/www.carbon-lean.com\/index.php\/wp-json\/wp\/v2\/media?parent=39"}],"wp:term":[{"taxonomy":"category","embeddable":true,"href":"https:\/\/www.carbon-lean.com\/index.php\/wp-json\/wp\/v2\/categories?post=39"},{"taxonomy":"post_tag","embeddable":true,"href":"https:\/\/www.carbon-lean.com\/index.php\/wp-json\/wp\/v2\/tags?post=39"}],"curies":[{"name":"wp","href":"https:\/\/api.w.org\/{rel}","templated":true}]}}