{"id":350,"date":"2020-10-17T23:47:45","date_gmt":"2020-10-17T21:47:45","guid":{"rendered":"http:\/\/carbon-lean.com\/?page_id=350"},"modified":"2020-10-18T00:21:43","modified_gmt":"2020-10-17T22:21:43","slug":"carbon-lean-en-entreprise","status":"publish","type":"page","link":"https:\/\/www.carbon-lean.com\/index.php\/carbon-lean-en-entreprise\/","title":{"rendered":"Carbon Lean pour votre entreprise ou organisation ? Oui !"},"content":{"rendered":"\n<p>Vous \u00eates Responsable R.S.E, Responsable Environnement, et vous cherchez un moyen simple et ludique de faire prendre conscience \u00e0 vos salari\u00e9s de leur impact CO2 ?<\/p>\n\n\n\n<p><strong><em>Carbon Lean: le jeu de cartes<\/em><\/strong> peut \u00e9galement \u00eatre d\u00e9clin\u00e9 en version \u00ab&nbsp;entreprise&nbsp;\u00bb :<\/p>\n\n\n\n<ul class=\"wp-block-list\"><li><strong>Cadeau personnalis\u00e9 \u00e0 vos clients, partenaires ou salari\u00e9s:<\/strong> en  personnalisant la bo\u00eete du jeu avec votre logo, vous pouvez offrir  un cadeau ludique et utile \u00e0 vos salari\u00e9s ou vos clients &#8211; et montrer l\u2019engagement de votre organisation envers des pratiques plus respectueuses de l\u2019environnement. <em>Prix d\u00e9gressifs en fonction des volumes<\/em> (<a href=\"http:\/\/carbon-lean.com\/index.php\/feedback\/\" data-type=\"page\" data-id=\"81\">nous contacter<\/a>)<\/li><\/ul>\n\n\n\n<div class=\"wp-block-image is-style-default\"><figure class=\"aligncenter size-medium\"><img loading=\"lazy\" decoding=\"async\" width=\"291\" height=\"300\" src=\"http:\/\/carbon-lean.com\/wp-content\/uploads\/2020\/10\/90E36E6B-4269-4A19-A9AF-D84650063C6C-291x300.jpeg\" alt=\"\" class=\"wp-image-351\" title=\"Personnalisation Carbon Lean\" srcset=\"https:\/\/www.carbon-lean.com\/wp-content\/uploads\/2020\/10\/90E36E6B-4269-4A19-A9AF-D84650063C6C-291x300.jpeg 291w, https:\/\/www.carbon-lean.com\/wp-content\/uploads\/2020\/10\/90E36E6B-4269-4A19-A9AF-D84650063C6C-600x619.jpeg 600w, https:\/\/www.carbon-lean.com\/wp-content\/uploads\/2020\/10\/90E36E6B-4269-4A19-A9AF-D84650063C6C-992x1024.jpeg 992w, https:\/\/www.carbon-lean.com\/wp-content\/uploads\/2020\/10\/90E36E6B-4269-4A19-A9AF-D84650063C6C-768x793.jpeg 768w, https:\/\/www.carbon-lean.com\/wp-content\/uploads\/2020\/10\/90E36E6B-4269-4A19-A9AF-D84650063C6C-1488x1536.jpeg 1488w, https:\/\/www.carbon-lean.com\/wp-content\/uploads\/2020\/10\/90E36E6B-4269-4A19-A9AF-D84650063C6C.jpeg 1984w\" sizes=\"auto, (max-width: 291px) 100vw, 291px\" \/><figcaption>Exemple de personnalisation pour l\u2019\u00e9cole ENSIIE<\/figcaption><\/figure><\/div>\n\n\n\n<ul class=\"wp-block-list\"><li><strong>Atelier ludique \u00ab&nbsp;Prise de conscience&nbsp;de nos \u00ecmpacts&nbsp;\u00bb<\/strong> : Nous vous accompagnons lors d\u2019un atelier \u00ab&nbsp;Prise de conscience&nbsp;\u00bb, dans lequel vos salari\u00e9s seront initi\u00e9s au concept de l\u2019impact CO2 \u00e0 travers le jeu. Nous offrons la possibilit\u00e9 de <strong>personnaliser une extension de cartes d\u00e9di\u00e9es aux postes d\u2019\u00e9mission de votre entreprise<\/strong>. Ainsi ils pourront d\u00e9couvrir l\u2019impact \u00e9cologique de leurs comportements au sein de l\u2019entreprise &#8211; facilitant la prise de conscience et le changement vers des comportements pus vertueux (et aussi bien souvent, plus \u00e9conomiques : remplacer le voyage en avion par le train,&#8230;)<\/li><\/ul>\n\n\n\n<blockquote class=\"wp-block-quote is-layout-flow wp-block-quote-is-layout-flow\"><p>\u00a0\u00ab\u00a0Gr\u00e2ce \u00e0 Carbon Lean, nos salari\u00e9s ont d\u00e9couvert l\u2019impact ph\u00e9nom\u00e9nal (en CO2) d\u2019utiliser le train plut\u00f4t que l\u2019avion quand ils le peuvent &#8211; et en plus, c\u2019est plus \u00e9conomique ! <\/p><cite>Am\u00e9lie B. &#8211; Responsable Hygi\u00e8ne, S\u00e9c\u00fbrit\u00e9, Environnement<\/cite><\/blockquote>\n\n\n\n<figure class=\"wp-block-image size-large\"><img loading=\"lazy\" decoding=\"async\" width=\"768\" height=\"1024\" src=\"http:\/\/carbon-lean.com\/wp-content\/uploads\/2020\/10\/1642036C-5C90-48AA-B1AB-C4D5FA21BFB5-768x1024.jpeg\" alt=\"\" class=\"wp-image-352\" srcset=\"https:\/\/www.carbon-lean.com\/wp-content\/uploads\/2020\/10\/1642036C-5C90-48AA-B1AB-C4D5FA21BFB5-768x1024.jpeg 768w, https:\/\/www.carbon-lean.com\/wp-content\/uploads\/2020\/10\/1642036C-5C90-48AA-B1AB-C4D5FA21BFB5-600x800.jpeg 600w, https:\/\/www.carbon-lean.com\/wp-content\/uploads\/2020\/10\/1642036C-5C90-48AA-B1AB-C4D5FA21BFB5-225x300.jpeg 225w, https:\/\/www.carbon-lean.com\/wp-content\/uploads\/2020\/10\/1642036C-5C90-48AA-B1AB-C4D5FA21BFB5.jpeg 960w\" sizes=\"auto, (max-width: 768px) 100vw, 768px\" \/><figcaption>Aidez vos salari\u00e9s \u00e0 comparer simplement les modes de transports lors de leurs d\u00e9placements professionels.<\/figcaption><\/figure>\n\n\n\n<p>Contactez-nous pour trouver la formule la plus adapt\u00e9e \u00e0 votre contexte &#8211; et offrez \u00e0 vos salari\u00e9s un jeu qu\u2019ils pourront <strong><em>aussi<\/em><\/strong> utiliser en famille !<\/p>\n\n\n<div class=\"wpforms-container wpforms-container-full\" id=\"wpforms-339\"><form id=\"wpforms-form-339\" class=\"wpforms-validate wpforms-form\" data-formid=\"339\" method=\"post\" enctype=\"multipart\/form-data\" action=\"\/index.php\/wp-json\/wp\/v2\/pages\/350\" data-token=\"cc28b2b8e872c35a68cd151b67b4e7bd\"><noscript class=\"wpforms-error-noscript\">Veuillez activer JavaScript dans votre navigateur pour remplir ce formulaire.<\/noscript><div class=\"wpforms-field-container\"><div id=\"wpforms-339-field_0-container\" class=\"wpforms-field wpforms-field-name wpforms-one-half wpforms-first\" data-field-id=\"0\"><label class=\"wpforms-field-label wpforms-label-hide\" for=\"wpforms-339-field_0\">Name <span class=\"wpforms-required-label\">*<\/span><\/label><input type=\"text\" id=\"wpforms-339-field_0\" class=\"wpforms-field-large wpforms-field-required\" name=\"wpforms[fields][0]\" placeholder=\"Your Name\" required><\/div><div id=\"wpforms-339-field_3-container\" class=\"wpforms-field wpforms-field-email wpforms-one-half\" data-field-id=\"3\"><label class=\"wpforms-field-label wpforms-label-hide\" for=\"wpforms-339-field_3\">Email <span class=\"wpforms-required-label\">*<\/span><\/label><input type=\"email\" id=\"wpforms-339-field_3\" class=\"wpforms-field-large wpforms-field-required\" name=\"wpforms[fields][3]\" placeholder=\"Your Email\" required><\/div><div id=\"wpforms-339-field_4-container\" class=\"wpforms-field wpforms-field-text\" data-field-id=\"4\"><label class=\"wpforms-field-label wpforms-label-hide\" for=\"wpforms-339-field_4\">Subject<\/label><input type=\"text\" id=\"wpforms-339-field_4\" class=\"wpforms-field-large\" name=\"wpforms[fields][4]\" placeholder=\"Subject\" ><\/div><div id=\"wpforms-339-field_2-container\" class=\"wpforms-field wpforms-field-textarea\" data-field-id=\"2\"><label class=\"wpforms-field-label wpforms-label-hide\" for=\"wpforms-339-field_2\">Message <span class=\"wpforms-required-label\">*<\/span><\/label><textarea id=\"wpforms-339-field_2\" class=\"wpforms-field-medium wpforms-field-required\" name=\"wpforms[fields][2]\" placeholder=\"Your Message\" required><\/textarea><\/div><\/div><div class=\"wpforms-submit-container\"><input type=\"hidden\" name=\"wpforms[id]\" value=\"339\"><input type=\"hidden\" name=\"wpforms[author]\" value=\"1\"><button type=\"submit\" name=\"wpforms[submit]\" id=\"wpforms-submit-339\" class=\"wpforms-submit\" data-alt-text=\"Sending...\" data-submit-text=\"Send message\" aria-live=\"assertive\" value=\"wpforms-submit\">Send message<\/button><\/div><\/form><\/div>  <!-- .wpforms-container -->","protected":false},"excerpt":{"rendered":"<p>Vous \u00eates Responsable R.S.E, Responsable Environnement, et vous cherchez un moyen simple et ludique de faire prendre conscience \u00e0 vos salari\u00e9s de leur impact CO2 ? Carbon Lean: le jeu de cartes peut \u00e9galement \u00eatre d\u00e9clin\u00e9 en version \u00ab&nbsp;entreprise&nbsp;\u00bb : Cadeau personnalis\u00e9 \u00e0 vos clients, partenaires ou salari\u00e9s: en personnalisant [&hellip;]<\/p>\n","protected":false},"author":1,"featured_media":0,"parent":0,"menu_order":0,"comment_status":"closed","ping_status":"closed","template":"","meta":{"footnotes":""},"categories":[13],"tags":[],"class_list":["post-350","page","type-page","status-publish","hentry","category-site"],"_links":{"self":[{"href":"https:\/\/www.carbon-lean.com\/index.php\/wp-json\/wp\/v2\/pages\/350","targetHints":{"allow":["GET"]}}],"collection":[{"href":"https:\/\/www.carbon-lean.com\/index.php\/wp-json\/wp\/v2\/pages"}],"about":[{"href":"https:\/\/www.carbon-lean.com\/index.php\/wp-json\/wp\/v2\/types\/page"}],"author":[{"embeddable":true,"href":"https:\/\/www.carbon-lean.com\/index.php\/wp-json\/wp\/v2\/users\/1"}],"replies":[{"embeddable":true,"href":"https:\/\/www.carbon-lean.com\/index.php\/wp-json\/wp\/v2\/comments?post=350"}],"version-history":[{"count":6,"href":"https:\/\/www.carbon-lean.com\/index.php\/wp-json\/wp\/v2\/pages\/350\/revisions"}],"predecessor-version":[{"id":361,"href":"https:\/\/www.carbon-lean.com\/index.php\/wp-json\/wp\/v2\/pages\/350\/revisions\/361"}],"wp:attachment":[{"href":"https:\/\/www.carbon-lean.com\/index.php\/wp-json\/wp\/v2\/media?parent=350"}],"wp:term":[{"taxonomy":"category","embeddable":true,"href":"https:\/\/www.carbon-lean.com\/index.php\/wp-json\/wp\/v2\/categories?post=350"},{"taxonomy":"post_tag","embeddable":true,"href":"https:\/\/www.carbon-lean.com\/index.php\/wp-json\/wp\/v2\/tags?post=350"}],"curies":[{"name":"wp","href":"https:\/\/api.w.org\/{rel}","templated":true}]}}