{"id":35,"date":"2020-10-14T00:13:06","date_gmt":"2020-10-13T22:13:06","guid":{"rendered":"http:\/\/carbon-lean.com\/index.php\/steak-de-boeuf\/"},"modified":"2020-10-14T00:13:08","modified_gmt":"2020-10-13T22:13:08","slug":"steak-de-boeuf","status":"publish","type":"page","link":"https:\/\/www.carbon-lean.com\/index.php\/steak-de-boeuf\/","title":{"rendered":"Steak de Boeuf"},"content":{"rendered":"<h2>Steak de Boeuf : 500g par semaine sur un an<\/h2>\n<p><\/p>\n<h2>Impact Carbone:<\/h2>\n<p><b>743,6<\/b> kg equivalent CO2 <\/p>\n<h2> D\u00e9tails<\/h2>\n<p>Elever un boeuf est tr\u00e8s demandeur notamment en eau (\u00e0 peu pr\u00e8s 13500 litres d&rsquo;eau pour produire un kilo de Boeuf!) et en c\u00e9r\u00e9ales. Comme les autres viandes en fait&#8230; sauf que le ratio (poids de viande commercialisable) sur  (poids de boeuf vivant) est \u00e9galement tr\u00e8s p\u00e9nalisant (38% pour du boeuf contre 66% pour du poulet par exemple)<\/p>\n<h2>Source:<\/h2>\n<p>ADEME &#8211; Base Carbone &#8211; Steak de boeuf &#8211; moyen France &#8211; poids net en magasin<\/p>\n<h3>Lien<\/h3>\n<p><a href=''><\/a><\/p>\n<h3>Autres liens<\/h3>\n<p><a href=''><\/a><br \/><a href=''><\/a><br \/><a href=''><\/a><br \/><a href=''><\/a><br \/><a href=''><\/a><br \/><a href=''><\/a><\/p>\n","protected":false},"excerpt":{"rendered":"<p>Steak de Boeuf : 500g par semaine sur un an Impact Carbone: 743,6 kg equivalent CO2 D\u00e9tails Elever un boeuf est tr\u00e8s demandeur notamment en eau (\u00e0 peu pr\u00e8s 13500 litres d&rsquo;eau pour produire un kilo de Boeuf!) et en c\u00e9r\u00e9ales. Comme les autres viandes en fait&#8230; sauf que le [&hellip;]<\/p>\n","protected":false},"author":1,"featured_media":0,"parent":0,"menu_order":0,"comment_status":"open","ping_status":"open","template":"","meta":{"footnotes":""},"categories":[5],"tags":[],"class_list":["post-35","page","type-page","status-publish","hentry","category-alimentation"],"_links":{"self":[{"href":"https:\/\/www.carbon-lean.com\/index.php\/wp-json\/wp\/v2\/pages\/35","targetHints":{"allow":["GET"]}}],"collection":[{"href":"https:\/\/www.carbon-lean.com\/index.php\/wp-json\/wp\/v2\/pages"}],"about":[{"href":"https:\/\/www.carbon-lean.com\/index.php\/wp-json\/wp\/v2\/types\/page"}],"author":[{"embeddable":true,"href":"https:\/\/www.carbon-lean.com\/index.php\/wp-json\/wp\/v2\/users\/1"}],"replies":[{"embeddable":true,"href":"https:\/\/www.carbon-lean.com\/index.php\/wp-json\/wp\/v2\/comments?post=35"}],"version-history":[{"count":2,"href":"https:\/\/www.carbon-lean.com\/index.php\/wp-json\/wp\/v2\/pages\/35\/revisions"}],"predecessor-version":[{"id":324,"href":"https:\/\/www.carbon-lean.com\/index.php\/wp-json\/wp\/v2\/pages\/35\/revisions\/324"}],"wp:attachment":[{"href":"https:\/\/www.carbon-lean.com\/index.php\/wp-json\/wp\/v2\/media?parent=35"}],"wp:term":[{"taxonomy":"category","embeddable":true,"href":"https:\/\/www.carbon-lean.com\/index.php\/wp-json\/wp\/v2\/categories?post=35"},{"taxonomy":"post_tag","embeddable":true,"href":"https:\/\/www.carbon-lean.com\/index.php\/wp-json\/wp\/v2\/tags?post=35"}],"curies":[{"name":"wp","href":"https:\/\/api.w.org\/{rel}","templated":true}]}}