{"id":30,"date":"2020-10-14T00:13:06","date_gmt":"2020-10-13T22:13:06","guid":{"rendered":"http:\/\/carbon-lean.com\/index.php\/yaourt-blanc\/"},"modified":"2020-10-14T00:13:08","modified_gmt":"2020-10-13T22:13:08","slug":"yaourt-blanc","status":"publish","type":"page","link":"https:\/\/www.carbon-lean.com\/index.php\/yaourt-blanc\/","title":{"rendered":"Yaourt blanc"},"content":{"rendered":"<h2>Yaourt blanc : 500g par semaine sur un an<\/h2>\n<p><\/p>\n<h2>Impact Carbone:<\/h2>\n<p><b>74,88<\/b> kg equivalent CO2 <\/p>\n<h2> D\u00e9tails<\/h2>\n<p>Les \u00e9missions sont celles g\u00e9n\u00e9r\u00e9es par l&rsquo;aliment jusqu&rsquo;\u00e0 sa sortie de magasin (production, transport, transformation, emballage, stockage, etc&#8230;). Pour notre yaourt blanc, les \u00e9missions sont principalement dues \u00e0 la production du lait de vache et aux postes transport &#038; stockage (cha\u00eene du froid).<\/p>\n<h2>Source:<\/h2>\n<p>ADEME &#8211; Base Carbone &#8211; Yaourt &#8211; poids net en magasin<\/p>\n<h3>Lien<\/h3>\n<p><a href=''><\/a><\/p>\n<h3>Autres liens<\/h3>\n<p><a href=''><\/a><br \/><a href=''><\/a><br \/><a href=''><\/a><br \/><a href=''><\/a><br \/><a href=''><\/a><br \/><a href=''><\/a><\/p>\n","protected":false},"excerpt":{"rendered":"<p>Yaourt blanc : 500g par semaine sur un an Impact Carbone: 74,88 kg equivalent CO2 D\u00e9tails Les \u00e9missions sont celles g\u00e9n\u00e9r\u00e9es par l&rsquo;aliment jusqu&rsquo;\u00e0 sa sortie de magasin (production, transport, transformation, emballage, stockage, etc&#8230;). Pour notre yaourt blanc, les \u00e9missions sont principalement dues \u00e0 la production du lait de vache [&hellip;]<\/p>\n","protected":false},"author":1,"featured_media":0,"parent":0,"menu_order":0,"comment_status":"open","ping_status":"open","template":"","meta":{"footnotes":""},"categories":[5],"tags":[],"class_list":["post-30","page","type-page","status-publish","hentry","category-alimentation"],"_links":{"self":[{"href":"https:\/\/www.carbon-lean.com\/index.php\/wp-json\/wp\/v2\/pages\/30","targetHints":{"allow":["GET"]}}],"collection":[{"href":"https:\/\/www.carbon-lean.com\/index.php\/wp-json\/wp\/v2\/pages"}],"about":[{"href":"https:\/\/www.carbon-lean.com\/index.php\/wp-json\/wp\/v2\/types\/page"}],"author":[{"embeddable":true,"href":"https:\/\/www.carbon-lean.com\/index.php\/wp-json\/wp\/v2\/users\/1"}],"replies":[{"embeddable":true,"href":"https:\/\/www.carbon-lean.com\/index.php\/wp-json\/wp\/v2\/comments?post=30"}],"version-history":[{"count":2,"href":"https:\/\/www.carbon-lean.com\/index.php\/wp-json\/wp\/v2\/pages\/30\/revisions"}],"predecessor-version":[{"id":338,"href":"https:\/\/www.carbon-lean.com\/index.php\/wp-json\/wp\/v2\/pages\/30\/revisions\/338"}],"wp:attachment":[{"href":"https:\/\/www.carbon-lean.com\/index.php\/wp-json\/wp\/v2\/media?parent=30"}],"wp:term":[{"taxonomy":"category","embeddable":true,"href":"https:\/\/www.carbon-lean.com\/index.php\/wp-json\/wp\/v2\/categories?post=30"},{"taxonomy":"post_tag","embeddable":true,"href":"https:\/\/www.carbon-lean.com\/index.php\/wp-json\/wp\/v2\/tags?post=30"}],"curies":[{"name":"wp","href":"https:\/\/api.w.org\/{rel}","templated":true}]}}