{"id":29,"date":"2020-10-14T00:13:06","date_gmt":"2020-10-13T22:13:06","guid":{"rendered":"http:\/\/carbon-lean.com\/index.php\/biere\/"},"modified":"2020-10-14T00:13:08","modified_gmt":"2020-10-13T22:13:08","slug":"biere","status":"publish","type":"page","link":"https:\/\/www.carbon-lean.com\/index.php\/biere\/","title":{"rendered":"Bi\u00e8re"},"content":{"rendered":"<h2>Bi\u00e8re : 0,5l par semaine sur un an<\/h2>\n<p><\/p>\n<h2>Impact Carbone:<\/h2>\n<p><b>69,42<\/b> kg equivalent CO2 <\/p>\n<h2> D\u00e9tails<\/h2>\n<p>Les \u00e9missions sont celles g\u00e9n\u00e9r\u00e9es par l&rsquo;aliment jusqu&rsquo;\u00e0 sa sortie de magasin (production, transport, transformation, emballage, stockage, etc&#8230;). Au del\u00e0 du malt, la production de bi\u00e8re (ici de grande surface) n\u00e9cessite beaucoup d&rsquo;eau (production, nettoyage des moyens, etc..) et d&rsquo;\u00e9nergie.<br \/>Enfin, il y a une influence du conditionnement car la majorit\u00e9 des bi\u00e8res sont vendues dans des \u00ab\u00a0petits\u00a0\u00bb contenants.<\/p>\n<h2>Source:<\/h2>\n<p>ADEME &#8211; Base Carbone &#8211; Bi\u00e8re &#8211; en magasin, pr\u00eat \u00e0 consommer<\/p>\n<h3>Lien<\/h3>\n<p><a href=''><\/a><\/p>\n<h3>Autres liens<\/h3>\n<p><a href=''><\/a><br \/><a href=''><\/a><br \/><a href=''><\/a><br \/><a href=''><\/a><br \/><a href=''><\/a><br \/><a href=''><\/a><\/p>\n","protected":false},"excerpt":{"rendered":"<p>Bi\u00e8re : 0,5l par semaine sur un an Impact Carbone: 69,42 kg equivalent CO2 D\u00e9tails Les \u00e9missions sont celles g\u00e9n\u00e9r\u00e9es par l&rsquo;aliment jusqu&rsquo;\u00e0 sa sortie de magasin (production, transport, transformation, emballage, stockage, etc&#8230;). Au del\u00e0 du malt, la production de bi\u00e8re (ici de grande surface) n\u00e9cessite beaucoup d&rsquo;eau (production, nettoyage [&hellip;]<\/p>\n","protected":false},"author":1,"featured_media":0,"parent":0,"menu_order":0,"comment_status":"open","ping_status":"open","template":"","meta":{"footnotes":""},"categories":[5],"tags":[],"class_list":["post-29","page","type-page","status-publish","hentry","category-alimentation"],"_links":{"self":[{"href":"https:\/\/www.carbon-lean.com\/index.php\/wp-json\/wp\/v2\/pages\/29","targetHints":{"allow":["GET"]}}],"collection":[{"href":"https:\/\/www.carbon-lean.com\/index.php\/wp-json\/wp\/v2\/pages"}],"about":[{"href":"https:\/\/www.carbon-lean.com\/index.php\/wp-json\/wp\/v2\/types\/page"}],"author":[{"embeddable":true,"href":"https:\/\/www.carbon-lean.com\/index.php\/wp-json\/wp\/v2\/users\/1"}],"replies":[{"embeddable":true,"href":"https:\/\/www.carbon-lean.com\/index.php\/wp-json\/wp\/v2\/comments?post=29"}],"version-history":[{"count":2,"href":"https:\/\/www.carbon-lean.com\/index.php\/wp-json\/wp\/v2\/pages\/29\/revisions"}],"predecessor-version":[{"id":283,"href":"https:\/\/www.carbon-lean.com\/index.php\/wp-json\/wp\/v2\/pages\/29\/revisions\/283"}],"wp:attachment":[{"href":"https:\/\/www.carbon-lean.com\/index.php\/wp-json\/wp\/v2\/media?parent=29"}],"wp:term":[{"taxonomy":"category","embeddable":true,"href":"https:\/\/www.carbon-lean.com\/index.php\/wp-json\/wp\/v2\/categories?post=29"},{"taxonomy":"post_tag","embeddable":true,"href":"https:\/\/www.carbon-lean.com\/index.php\/wp-json\/wp\/v2\/tags?post=29"}],"curies":[{"name":"wp","href":"https:\/\/api.w.org\/{rel}","templated":true}]}}