{"id":28,"date":"2020-10-14T00:13:06","date_gmt":"2020-10-13T22:13:06","guid":{"rendered":"http:\/\/carbon-lean.com\/index.php\/fruits-et-legumes-hors-saison\/"},"modified":"2020-10-14T00:13:07","modified_gmt":"2020-10-13T22:13:07","slug":"fruits-et-legumes-hors-saison","status":"publish","type":"page","link":"https:\/\/www.carbon-lean.com\/index.php\/fruits-et-legumes-hors-saison\/","title":{"rendered":"Fruits et l\u00e9gumes hors saison"},"content":{"rendered":"<h2>Fruits et l\u00e9gumes hors saison : 500g par semaine sur un an<\/h2>\n<p><\/p>\n<h2>Impact Carbone:<\/h2>\n<p><b>58,24<\/b> kg equivalent CO2 <\/p>\n<h2> D\u00e9tails<\/h2>\n<p>Qui dit fruits et l\u00e9gumes hors saison dit soit transport sur de longues distances, soit apports excessifs en chaleur, lumi\u00e8re,&#8230; Dans les deux cas ce sont des \u00e9missions bien plus \u00e9l\u00e9v\u00e9es que pour un produit de saison qui se d\u00e9veloppe sans cette assistance!<\/p>\n<h2>Source:<\/h2>\n<p>ADEME &#8211; Base Carbone &#8211; L\u00e9gumes (ou fruits) &#8211; g\u00e9n\u00e9rique, hors saison, produit sous serre chauff\u00e9e &#8211; poids net en magasin<\/p>\n<h3>Lien<\/h3>\n<p><a href=''><\/a><\/p>\n<h3>Autres liens<\/h3>\n<p><a href=''><\/a><br \/><a href=''><\/a><br \/><a href=''><\/a><br \/><a href=''><\/a><br \/><a href=''><\/a><br \/><a href=''><\/a><\/p>\n","protected":false},"excerpt":{"rendered":"<p>Fruits et l\u00e9gumes hors saison : 500g par semaine sur un an Impact Carbone: 58,24 kg equivalent CO2 D\u00e9tails Qui dit fruits et l\u00e9gumes hors saison dit soit transport sur de longues distances, soit apports excessifs en chaleur, lumi\u00e8re,&#8230; Dans les deux cas ce sont des \u00e9missions bien plus \u00e9l\u00e9v\u00e9es [&hellip;]<\/p>\n","protected":false},"author":1,"featured_media":0,"parent":0,"menu_order":0,"comment_status":"open","ping_status":"open","template":"","meta":{"footnotes":""},"categories":[5],"tags":[],"class_list":["post-28","page","type-page","status-publish","hentry","category-alimentation"],"_links":{"self":[{"href":"https:\/\/www.carbon-lean.com\/index.php\/wp-json\/wp\/v2\/pages\/28","targetHints":{"allow":["GET"]}}],"collection":[{"href":"https:\/\/www.carbon-lean.com\/index.php\/wp-json\/wp\/v2\/pages"}],"about":[{"href":"https:\/\/www.carbon-lean.com\/index.php\/wp-json\/wp\/v2\/types\/page"}],"author":[{"embeddable":true,"href":"https:\/\/www.carbon-lean.com\/index.php\/wp-json\/wp\/v2\/users\/1"}],"replies":[{"embeddable":true,"href":"https:\/\/www.carbon-lean.com\/index.php\/wp-json\/wp\/v2\/comments?post=28"}],"version-history":[{"count":2,"href":"https:\/\/www.carbon-lean.com\/index.php\/wp-json\/wp\/v2\/pages\/28\/revisions"}],"predecessor-version":[{"id":301,"href":"https:\/\/www.carbon-lean.com\/index.php\/wp-json\/wp\/v2\/pages\/28\/revisions\/301"}],"wp:attachment":[{"href":"https:\/\/www.carbon-lean.com\/index.php\/wp-json\/wp\/v2\/media?parent=28"}],"wp:term":[{"taxonomy":"category","embeddable":true,"href":"https:\/\/www.carbon-lean.com\/index.php\/wp-json\/wp\/v2\/categories?post=28"},{"taxonomy":"post_tag","embeddable":true,"href":"https:\/\/www.carbon-lean.com\/index.php\/wp-json\/wp\/v2\/tags?post=28"}],"curies":[{"name":"wp","href":"https:\/\/api.w.org\/{rel}","templated":true}]}}