{"id":27,"date":"2020-10-14T00:13:06","date_gmt":"2020-10-13T22:13:06","guid":{"rendered":"http:\/\/carbon-lean.com\/index.php\/glace\/"},"modified":"2020-10-14T00:13:07","modified_gmt":"2020-10-13T22:13:07","slug":"glace","status":"publish","type":"page","link":"https:\/\/www.carbon-lean.com\/index.php\/glace\/","title":{"rendered":"Glace"},"content":{"rendered":"<h2>Glace : 500g par semaine sur un an<\/h2>\n<p><\/p>\n<h2>Impact Carbone:<\/h2>\n<p><b>39,26<\/b> kg equivalent CO2 <\/p>\n<h2> D\u00e9tails<\/h2>\n<p>Les \u00e9missions sont celles g\u00e9n\u00e9r\u00e9es par l&rsquo;aliment jusqu&rsquo;\u00e0 sa sortie de magasin (production, transport, transformation, emballage, stockage, etc&#8230;). La glace (dans notre cas, \u00e0 la vanille) est donc \u00e9missive principalement du fait des postes transport, emballage et stockage.<\/p>\n<h2>Source:<\/h2>\n<p>ADEME &#8211; Base Carbone &#8211; Glace \u00e0 la vanille &#8211; poids net en magasin<\/p>\n<h3>Lien<\/h3>\n<p><a href=''><\/a><\/p>\n<h3>Autres liens<\/h3>\n<p><a href=''><\/a><br \/><a href=''><\/a><br \/><a href=''><\/a><br \/><a href=''><\/a><br \/><a href=''><\/a><br \/><a href=''><\/a><\/p>\n","protected":false},"excerpt":{"rendered":"<p>Glace : 500g par semaine sur un an Impact Carbone: 39,26 kg equivalent CO2 D\u00e9tails Les \u00e9missions sont celles g\u00e9n\u00e9r\u00e9es par l&rsquo;aliment jusqu&rsquo;\u00e0 sa sortie de magasin (production, transport, transformation, emballage, stockage, etc&#8230;). La glace (dans notre cas, \u00e0 la vanille) est donc \u00e9missive principalement du fait des postes transport, [&hellip;]<\/p>\n","protected":false},"author":1,"featured_media":0,"parent":0,"menu_order":0,"comment_status":"open","ping_status":"open","template":"","meta":{"footnotes":""},"categories":[5],"tags":[],"class_list":["post-27","page","type-page","status-publish","hentry","category-alimentation"],"_links":{"self":[{"href":"https:\/\/www.carbon-lean.com\/index.php\/wp-json\/wp\/v2\/pages\/27","targetHints":{"allow":["GET"]}}],"collection":[{"href":"https:\/\/www.carbon-lean.com\/index.php\/wp-json\/wp\/v2\/pages"}],"about":[{"href":"https:\/\/www.carbon-lean.com\/index.php\/wp-json\/wp\/v2\/types\/page"}],"author":[{"embeddable":true,"href":"https:\/\/www.carbon-lean.com\/index.php\/wp-json\/wp\/v2\/users\/1"}],"replies":[{"embeddable":true,"href":"https:\/\/www.carbon-lean.com\/index.php\/wp-json\/wp\/v2\/comments?post=27"}],"version-history":[{"count":2,"href":"https:\/\/www.carbon-lean.com\/index.php\/wp-json\/wp\/v2\/pages\/27\/revisions"}],"predecessor-version":[{"id":304,"href":"https:\/\/www.carbon-lean.com\/index.php\/wp-json\/wp\/v2\/pages\/27\/revisions\/304"}],"wp:attachment":[{"href":"https:\/\/www.carbon-lean.com\/index.php\/wp-json\/wp\/v2\/media?parent=27"}],"wp:term":[{"taxonomy":"category","embeddable":true,"href":"https:\/\/www.carbon-lean.com\/index.php\/wp-json\/wp\/v2\/categories?post=27"},{"taxonomy":"post_tag","embeddable":true,"href":"https:\/\/www.carbon-lean.com\/index.php\/wp-json\/wp\/v2\/tags?post=27"}],"curies":[{"name":"wp","href":"https:\/\/api.w.org\/{rel}","templated":true}]}}