{"id":26,"date":"2020-10-14T00:13:06","date_gmt":"2020-10-13T22:13:06","guid":{"rendered":"http:\/\/carbon-lean.com\/index.php\/vin\/"},"modified":"2020-10-14T00:13:07","modified_gmt":"2020-10-13T22:13:07","slug":"vin","status":"publish","type":"page","link":"https:\/\/www.carbon-lean.com\/index.php\/vin\/","title":{"rendered":"Vin"},"content":{"rendered":"<h2>Vin : 0,5l par semaine sur un an<\/h2>\n<p><\/p>\n<h2>Impact Carbone:<\/h2>\n<p><b>37,18<\/b> kg equivalent CO2 <\/p>\n<h2> D\u00e9tails<\/h2>\n<p>Les \u00e9missions sont celles g\u00e9n\u00e9r\u00e9es par l&rsquo;aliment jusqu&rsquo;\u00e0 sa sortie de magasin (production, transport, transformation, emballage, stockage, etc&#8230;). Nous avons ici une estimation des \u00e9missions de vin Fran\u00e7ais (Bourgogne et Bordeaux pour \u00eatre pr\u00e9cis), mais attention, l&rsquo;impact CO2 peut doubler pour les grands vins ou le champagne.<\/p>\n<h2>Source:<\/h2>\n<p>ADEME &#8211; Base Carbone &#8211; Vin &#8211; France &#8211; en magasin, pr\u00eat \u00e0 consommer<\/p>\n<h3>Lien<\/h3>\n<p><a href=''><\/a><\/p>\n<h3>Autres liens<\/h3>\n<p><a href=''><\/a><br \/><a href=''><\/a><br \/><a href=''><\/a><br \/><a href=''><\/a><br \/><a href=''><\/a><br \/><a href=''><\/a><\/p>\n","protected":false},"excerpt":{"rendered":"<p>Vin : 0,5l par semaine sur un an Impact Carbone: 37,18 kg equivalent CO2 D\u00e9tails Les \u00e9missions sont celles g\u00e9n\u00e9r\u00e9es par l&rsquo;aliment jusqu&rsquo;\u00e0 sa sortie de magasin (production, transport, transformation, emballage, stockage, etc&#8230;). Nous avons ici une estimation des \u00e9missions de vin Fran\u00e7ais (Bourgogne et Bordeaux pour \u00eatre pr\u00e9cis), mais [&hellip;]<\/p>\n","protected":false},"author":1,"featured_media":0,"parent":0,"menu_order":0,"comment_status":"open","ping_status":"open","template":"","meta":{"footnotes":""},"categories":[5],"tags":[],"class_list":["post-26","page","type-page","status-publish","hentry","category-alimentation"],"_links":{"self":[{"href":"https:\/\/www.carbon-lean.com\/index.php\/wp-json\/wp\/v2\/pages\/26","targetHints":{"allow":["GET"]}}],"collection":[{"href":"https:\/\/www.carbon-lean.com\/index.php\/wp-json\/wp\/v2\/pages"}],"about":[{"href":"https:\/\/www.carbon-lean.com\/index.php\/wp-json\/wp\/v2\/types\/page"}],"author":[{"embeddable":true,"href":"https:\/\/www.carbon-lean.com\/index.php\/wp-json\/wp\/v2\/users\/1"}],"replies":[{"embeddable":true,"href":"https:\/\/www.carbon-lean.com\/index.php\/wp-json\/wp\/v2\/comments?post=26"}],"version-history":[{"count":2,"href":"https:\/\/www.carbon-lean.com\/index.php\/wp-json\/wp\/v2\/pages\/26\/revisions"}],"predecessor-version":[{"id":332,"href":"https:\/\/www.carbon-lean.com\/index.php\/wp-json\/wp\/v2\/pages\/26\/revisions\/332"}],"wp:attachment":[{"href":"https:\/\/www.carbon-lean.com\/index.php\/wp-json\/wp\/v2\/media?parent=26"}],"wp:term":[{"taxonomy":"category","embeddable":true,"href":"https:\/\/www.carbon-lean.com\/index.php\/wp-json\/wp\/v2\/categories?post=26"},{"taxonomy":"post_tag","embeddable":true,"href":"https:\/\/www.carbon-lean.com\/index.php\/wp-json\/wp\/v2\/tags?post=26"}],"curies":[{"name":"wp","href":"https:\/\/api.w.org\/{rel}","templated":true}]}}