{"id":23,"date":"2020-10-14T00:13:06","date_gmt":"2020-10-13T22:13:06","guid":{"rendered":"http:\/\/carbon-lean.com\/index.php\/cafe\/"},"modified":"2020-10-14T00:13:07","modified_gmt":"2020-10-13T22:13:07","slug":"cafe","status":"publish","type":"page","link":"https:\/\/www.carbon-lean.com\/index.php\/cafe\/","title":{"rendered":"Caf\u00e9"},"content":{"rendered":"<h2>Caf\u00e9 : 0,5l par semaine sur un an<\/h2>\n<p><\/p>\n<h2>Impact Carbone:<\/h2>\n<p><b>9,7968<\/b> kg equivalent CO2 <\/p>\n<h2> D\u00e9tails<\/h2>\n<p>12g de caf\u00e9 pour 100ml d&rsquo;eau, c&rsquo;est le dosage que nous avons consid\u00e9r\u00e9. Sans sucre s&rsquo;il vous plait !<br \/>Les \u00e9missions sont celles g\u00e9n\u00e9r\u00e9es par l&rsquo;aliment jusqu&rsquo;\u00e0 sa sortie de magasin (production, transport, transformation, emballage, stockage, etc&#8230;).<\/p>\n<h2>Source:<\/h2>\n<p>ADEME &#8211; Base Carbone &#8211; Caf\u00e9 &#8211; moulu &#8211; poids net en magasin<\/p>\n<h3>Lien<\/h3>\n<p><a href=''><\/a><\/p>\n<h3>Autres liens<\/h3>\n<p><a href=''><\/a><br \/><a href=''><\/a><br \/><a href=''><\/a><br \/><a href=''><\/a><br \/><a href=''><\/a><br \/><a href=''><\/a><\/p>\n","protected":false},"excerpt":{"rendered":"<p>Caf\u00e9 : 0,5l par semaine sur un an Impact Carbone: 9,7968 kg equivalent CO2 D\u00e9tails 12g de caf\u00e9 pour 100ml d&rsquo;eau, c&rsquo;est le dosage que nous avons consid\u00e9r\u00e9. Sans sucre s&rsquo;il vous plait !Les \u00e9missions sont celles g\u00e9n\u00e9r\u00e9es par l&rsquo;aliment jusqu&rsquo;\u00e0 sa sortie de magasin (production, transport, transformation, emballage, stockage, [&hellip;]<\/p>\n","protected":false},"author":1,"featured_media":0,"parent":0,"menu_order":0,"comment_status":"open","ping_status":"open","template":"","meta":{"footnotes":""},"categories":[5],"tags":[],"class_list":["post-23","page","type-page","status-publish","hentry","category-alimentation"],"_links":{"self":[{"href":"https:\/\/www.carbon-lean.com\/index.php\/wp-json\/wp\/v2\/pages\/23","targetHints":{"allow":["GET"]}}],"collection":[{"href":"https:\/\/www.carbon-lean.com\/index.php\/wp-json\/wp\/v2\/pages"}],"about":[{"href":"https:\/\/www.carbon-lean.com\/index.php\/wp-json\/wp\/v2\/types\/page"}],"author":[{"embeddable":true,"href":"https:\/\/www.carbon-lean.com\/index.php\/wp-json\/wp\/v2\/users\/1"}],"replies":[{"embeddable":true,"href":"https:\/\/www.carbon-lean.com\/index.php\/wp-json\/wp\/v2\/comments?post=23"}],"version-history":[{"count":2,"href":"https:\/\/www.carbon-lean.com\/index.php\/wp-json\/wp\/v2\/pages\/23\/revisions"}],"predecessor-version":[{"id":287,"href":"https:\/\/www.carbon-lean.com\/index.php\/wp-json\/wp\/v2\/pages\/23\/revisions\/287"}],"wp:attachment":[{"href":"https:\/\/www.carbon-lean.com\/index.php\/wp-json\/wp\/v2\/media?parent=23"}],"wp:term":[{"taxonomy":"category","embeddable":true,"href":"https:\/\/www.carbon-lean.com\/index.php\/wp-json\/wp\/v2\/categories?post=23"},{"taxonomy":"post_tag","embeddable":true,"href":"https:\/\/www.carbon-lean.com\/index.php\/wp-json\/wp\/v2\/tags?post=23"}],"curies":[{"name":"wp","href":"https:\/\/api.w.org\/{rel}","templated":true}]}}