{"id":18,"date":"2020-10-14T00:13:06","date_gmt":"2020-10-13T22:13:06","guid":{"rendered":"http:\/\/carbon-lean.com\/index.php\/voiture-2\/"},"modified":"2020-10-14T00:13:07","modified_gmt":"2020-10-13T22:13:07","slug":"voiture-long-trajet","status":"publish","type":"page","link":"https:\/\/www.carbon-lean.com\/index.php\/voiture-long-trajet\/","title":{"rendered":"Voiture long trajet"},"content":{"rendered":"<h2>Voiture long trajet : 1000 Km en voiture<\/h2>\n<p><\/p>\n<h2>Impact Carbone:<\/h2>\n<p><b>193<\/b> kg equivalent CO2 <\/p>\n<h2> D\u00e9tails<\/h2>\n<p>Sur cette carte, la voiture a une motorisation moyenne sur la base du parc automobile fran\u00e7ais.<br \/>Les \u00e9missions repr\u00e9sent\u00e9es sont celles issues de la consommation de carburant (en incluant la production de celui-ci). Les \u00e9missions r\u00e9sultant de la fabrication et maintenance du v\u00e9hicule ne sont pas inclues.<\/p>\n<h2>Source:<\/h2>\n<p>ADEME &#8211; Base Carbone &#8211; Voiture &#8211; Motorisation moyenne &#8211; 2018<\/p>\n<h3>Lien<\/h3>\n<p><a href=''><\/a><\/p>\n<h3>Autres liens<\/h3>\n<p><a href=''><\/a><br \/><a href=''><\/a><br \/><a href=''><\/a><br \/><a href=''><\/a><br \/><a href=''><\/a><br \/><a href=''><\/a><\/p>\n","protected":false},"excerpt":{"rendered":"<p>Voiture long trajet : 1000 Km en voiture Impact Carbone: 193 kg equivalent CO2 D\u00e9tails Sur cette carte, la voiture a une motorisation moyenne sur la base du parc automobile fran\u00e7ais.Les \u00e9missions repr\u00e9sent\u00e9es sont celles issues de la consommation de carburant (en incluant la production de celui-ci). Les \u00e9missions r\u00e9sultant [&hellip;]<\/p>\n","protected":false},"author":1,"featured_media":0,"parent":0,"menu_order":0,"comment_status":"open","ping_status":"open","template":"","meta":{"footnotes":""},"categories":[6],"tags":[],"class_list":["post-18","page","type-page","status-publish","hentry","category-loisirs"],"_links":{"self":[{"href":"https:\/\/www.carbon-lean.com\/index.php\/wp-json\/wp\/v2\/pages\/18","targetHints":{"allow":["GET"]}}],"collection":[{"href":"https:\/\/www.carbon-lean.com\/index.php\/wp-json\/wp\/v2\/pages"}],"about":[{"href":"https:\/\/www.carbon-lean.com\/index.php\/wp-json\/wp\/v2\/types\/page"}],"author":[{"embeddable":true,"href":"https:\/\/www.carbon-lean.com\/index.php\/wp-json\/wp\/v2\/users\/1"}],"replies":[{"embeddable":true,"href":"https:\/\/www.carbon-lean.com\/index.php\/wp-json\/wp\/v2\/comments?post=18"}],"version-history":[{"count":3,"href":"https:\/\/www.carbon-lean.com\/index.php\/wp-json\/wp\/v2\/pages\/18\/revisions"}],"predecessor-version":[{"id":335,"href":"https:\/\/www.carbon-lean.com\/index.php\/wp-json\/wp\/v2\/pages\/18\/revisions\/335"}],"wp:attachment":[{"href":"https:\/\/www.carbon-lean.com\/index.php\/wp-json\/wp\/v2\/media?parent=18"}],"wp:term":[{"taxonomy":"category","embeddable":true,"href":"https:\/\/www.carbon-lean.com\/index.php\/wp-json\/wp\/v2\/categories?post=18"},{"taxonomy":"post_tag","embeddable":true,"href":"https:\/\/www.carbon-lean.com\/index.php\/wp-json\/wp\/v2\/tags?post=18"}],"curies":[{"name":"wp","href":"https:\/\/api.w.org\/{rel}","templated":true}]}}