{"id":172,"date":"2020-09-12T20:33:16","date_gmt":"2020-09-12T18:33:16","guid":{"rendered":"http:\/\/carbon-lean.com\/?page_id=172"},"modified":"2020-10-12T00:38:47","modified_gmt":"2020-10-11T22:38:47","slug":"francais-moyen-2050","status":"publish","type":"page","link":"https:\/\/www.carbon-lean.com\/index.php\/francais-moyen-2050\/","title":{"rendered":"Fran\u00e7ais Moyen, 2050"},"content":{"rendered":"\n<h2 class=\"wp-block-heading\">Fran\u00e7ais Moyen en 2050, sur 1 an &#8211; respectant les accords de Paris<\/h2>\n\n\n\n<h2 class=\"wp-block-heading\">Impact Carbone:<\/h2>\n\n\n\n<p><strong>2 250<\/strong> kg equivalent CO2<\/p>\n\n\n\n<h2 class=\"wp-block-heading\">D\u00e9tails<\/h2>\n\n\n\n<p>Afin de pouvoir respecter les accords de Paris, le Fran\u00e7ais moyen devrait \u00e9mettre, en 2050, au maximum 2250 kg de CO2, soit 4 fois moins que sa moyenne de 2020. <\/p>\n\n\n\n<p>A titre d\u2019exemple, cela repr\u00e9sente un bilan CO2 similaire \u00e0 celui-ci:<br><\/p>\n\n\n\n<p>EN COURS DE CONSTRUCTION <\/p>\n\n\n\n<ul class=\"wp-block-list\"><li><\/li><\/ul>\n\n\n\n<h2 class=\"wp-block-heading\">Source:<\/h2>\n\n\n\n<p>ADEME: <a href=\"https:\/\/www.bilans-ges.ademe.fr\/fr\/accueil\/contenu\/index\/page\/un+particulier\/siGras\/0 \">https:\/\/www.bilans-ges.ademe.fr\/fr\/accueil\/contenu\/index\/page\/un+particulier\/siGras\/0 <\/a><br>Accords de Paris : <a href=\"http:\/\/unfccc.int\/files\/essential_background\/convention\/application\/pdf\/french_paris_agreement.pdf\">http:\/\/unfccc.int\/files\/essential_background\/convention\/application\/pdf\/french_paris_agreement.pdf<\/a><\/p>\n\n\n\n<h3 class=\"wp-block-heading\">Liens &#8211; pour en savoir plus&#8230;<\/h3>\n\n\n\n<p>Imaginez et r\u00e9fl\u00e9chissez \u00e0 votre bilan individuel en 2050&#8230;<\/p>\n\n\n\n<ul class=\"wp-block-list\"><li>Le site \u201c\u00e7a commence par moi\u201d vous proposer un \u201cAtelier 2 tonnes\u201d pour comprendre ce que cela voudrait dire \u00e0 titre individuel: <a href=\"https:\/\/cacommenceparmoi.org\/action\/japprehende-limpact-carbone-de-mes-actions-en-participant-a-latelier-2-tonnes\/\" target=\"_blank\" rel=\"noreferrer noopener\">https:\/\/cacommenceparmoi.org\/action\/japprehende-limpact-carbone-de-mes-actions-en-participant-a-latelier-2-tonnes\/<\/a><\/li><li>Vous pouvez utiliser votre bilan actuel, et r\u00e9fl\u00e9chir \u00e0 comment le diminuer en enlevant des cartes dont vous pourriez vous \u201cpasser\u201d ou en les rempla\u00e7ant par d\u2019autres (voiture qui devient hybride rechargeable, etc&#8230;) <\/li><li>Vous pouvez utiliser des calculateurs de bilan carbone individuel comme : <a href=\"https:\/\/avenirclimatique.org\/micmac\/index.php\" target=\"_blank\" rel=\"noreferrer noopener\">https:\/\/avenirclimatique.org\/micmac\/index.php <\/a><\/li><\/ul>\n\n\n\n<p><\/p>\n","protected":false},"excerpt":{"rendered":"<p>Fran\u00e7ais Moyen en 2050, sur 1 an &#8211; respectant les accords de Paris Impact Carbone: 2 250 kg equivalent CO2 D\u00e9tails Afin de pouvoir respecter les accords de Paris, le Fran\u00e7ais moyen devrait \u00e9mettre, en 2050, au maximum 2250 kg de CO2, soit 4 fois moins que sa moyenne de [&hellip;]<\/p>\n","protected":false},"author":1,"featured_media":0,"parent":0,"menu_order":0,"comment_status":"closed","ping_status":"closed","template":"","meta":{"footnotes":""},"categories":[12],"tags":[],"class_list":["post-172","page","type-page","status-publish","hentry","category-special"],"_links":{"self":[{"href":"https:\/\/www.carbon-lean.com\/index.php\/wp-json\/wp\/v2\/pages\/172","targetHints":{"allow":["GET"]}}],"collection":[{"href":"https:\/\/www.carbon-lean.com\/index.php\/wp-json\/wp\/v2\/pages"}],"about":[{"href":"https:\/\/www.carbon-lean.com\/index.php\/wp-json\/wp\/v2\/types\/page"}],"author":[{"embeddable":true,"href":"https:\/\/www.carbon-lean.com\/index.php\/wp-json\/wp\/v2\/users\/1"}],"replies":[{"embeddable":true,"href":"https:\/\/www.carbon-lean.com\/index.php\/wp-json\/wp\/v2\/comments?post=172"}],"version-history":[{"count":2,"href":"https:\/\/www.carbon-lean.com\/index.php\/wp-json\/wp\/v2\/pages\/172\/revisions"}],"predecessor-version":[{"id":174,"href":"https:\/\/www.carbon-lean.com\/index.php\/wp-json\/wp\/v2\/pages\/172\/revisions\/174"}],"wp:attachment":[{"href":"https:\/\/www.carbon-lean.com\/index.php\/wp-json\/wp\/v2\/media?parent=172"}],"wp:term":[{"taxonomy":"category","embeddable":true,"href":"https:\/\/www.carbon-lean.com\/index.php\/wp-json\/wp\/v2\/categories?post=172"},{"taxonomy":"post_tag","embeddable":true,"href":"https:\/\/www.carbon-lean.com\/index.php\/wp-json\/wp\/v2\/tags?post=172"}],"curies":[{"name":"wp","href":"https:\/\/api.w.org\/{rel}","templated":true}]}}