{"id":16,"date":"2020-10-14T00:13:06","date_gmt":"2020-10-13T22:13:06","guid":{"rendered":"http:\/\/carbon-lean.com\/index.php\/co-voiturage-2\/"},"modified":"2020-10-14T00:13:07","modified_gmt":"2020-10-13T22:13:07","slug":"co-voiturage-long-courrier","status":"publish","type":"page","link":"https:\/\/www.carbon-lean.com\/index.php\/co-voiturage-long-courrier\/","title":{"rendered":"Co-voiturage long trajet"},"content":{"rendered":"<h2>Co-voiturage long trajet : 1000 Km en voiture \u00e0 2<\/h2>\n<p><\/p>\n<h2>Impact Carbone:<\/h2>\n<p><b>96,5<\/b> kg equivalent CO2 <\/p>\n<h2> D\u00e9tails<\/h2>\n<p>Trop cool le co-voiturage! On divise les \u00e9missions du v\u00e9hicule par le nombre de passagers transport\u00e9s! Ici c&rsquo;est par 2 par rapport \u00e0 la carte voiture.<br \/>Second avantage, on peut bavarder en route!<br \/>Comme pour les autres moyens de transport, les \u00e9missions repr\u00e9sent\u00e9es ici sont celles issues de la consommation de carburant (en incluant la production de ce dernier).<\/p>\n<h2>Source:<\/h2>\n<p>ADEME &#8211; Base Carbone &#8211; <\/p>\n<h3>Lien<\/h3>\n<p><a href=''><\/a><\/p>\n<h3>Autres liens<\/h3>\n<p><a href=''><\/a><br \/><a href=''><\/a><br \/><a href=''><\/a><br \/><a href=''><\/a><br \/><a href=''><\/a><br \/><a href=''><\/a><\/p>\n","protected":false},"excerpt":{"rendered":"<p>Co-voiturage long trajet : 1000 Km en voiture \u00e0 2 Impact Carbone: 96,5 kg equivalent CO2 D\u00e9tails Trop cool le co-voiturage! On divise les \u00e9missions du v\u00e9hicule par le nombre de passagers transport\u00e9s! Ici c&rsquo;est par 2 par rapport \u00e0 la carte voiture.Second avantage, on peut bavarder en route!Comme pour [&hellip;]<\/p>\n","protected":false},"author":1,"featured_media":0,"parent":0,"menu_order":0,"comment_status":"open","ping_status":"open","template":"","meta":{"footnotes":""},"categories":[6],"tags":[],"class_list":["post-16","page","type-page","status-publish","hentry","category-loisirs"],"_links":{"self":[{"href":"https:\/\/www.carbon-lean.com\/index.php\/wp-json\/wp\/v2\/pages\/16","targetHints":{"allow":["GET"]}}],"collection":[{"href":"https:\/\/www.carbon-lean.com\/index.php\/wp-json\/wp\/v2\/pages"}],"about":[{"href":"https:\/\/www.carbon-lean.com\/index.php\/wp-json\/wp\/v2\/types\/page"}],"author":[{"embeddable":true,"href":"https:\/\/www.carbon-lean.com\/index.php\/wp-json\/wp\/v2\/users\/1"}],"replies":[{"embeddable":true,"href":"https:\/\/www.carbon-lean.com\/index.php\/wp-json\/wp\/v2\/comments?post=16"}],"version-history":[{"count":3,"href":"https:\/\/www.carbon-lean.com\/index.php\/wp-json\/wp\/v2\/pages\/16\/revisions"}],"predecessor-version":[{"id":289,"href":"https:\/\/www.carbon-lean.com\/index.php\/wp-json\/wp\/v2\/pages\/16\/revisions\/289"}],"wp:attachment":[{"href":"https:\/\/www.carbon-lean.com\/index.php\/wp-json\/wp\/v2\/media?parent=16"}],"wp:term":[{"taxonomy":"category","embeddable":true,"href":"https:\/\/www.carbon-lean.com\/index.php\/wp-json\/wp\/v2\/categories?post=16"},{"taxonomy":"post_tag","embeddable":true,"href":"https:\/\/www.carbon-lean.com\/index.php\/wp-json\/wp\/v2\/tags?post=16"}],"curies":[{"name":"wp","href":"https:\/\/api.w.org\/{rel}","templated":true}]}}