{"id":14,"date":"2020-10-14T00:13:06","date_gmt":"2020-10-13T22:13:06","guid":{"rendered":"http:\/\/carbon-lean.com\/index.php\/bus-long-courrier\/"},"modified":"2020-10-14T00:13:07","modified_gmt":"2020-10-13T22:13:07","slug":"bus-long-courrier","status":"publish","type":"page","link":"https:\/\/www.carbon-lean.com\/index.php\/bus-long-courrier\/","title":{"rendered":"Bus long courrier"},"content":{"rendered":"<h2>Bus long courrier : 1000 Km en bus<\/h2>\n<p><\/p>\n<h2>Impact Carbone:<\/h2>\n<p><b>18<\/b> kg equivalent CO2 <\/p>\n<h2> D\u00e9tails<\/h2>\n<p>L&rsquo;avantage du bus long courier r\u00e9side dans le fait qu&rsquo;il poss\u00e8de un taux de remplissage avantageux, sur des trajets principalement extra-urbains!<br \/>Les \u00e9missions mentionn\u00e9es sur la carte ne portent que sur la consommation \u00e9nerg\u00e9tique du bus. Sa fabrication, sa maintenance ou encore les infrastructures n\u00e9cessaires \u00e0 son fonctionnement ne sont pas prises en compte ici.<\/p>\n<h2>Source:<\/h2>\n<p>ADEME &#8211; Base Carbone &#8211; <\/p>\n<h3>Lien<\/h3>\n<p><a href=''><\/a><\/p>\n<h3>Autres liens<\/h3>\n<p><a href=''><\/a><br \/><a href=''><\/a><br \/><a href=''><\/a><br \/><a href=''><\/a><br \/><a href=''><\/a><br \/><a href=''><\/a><\/p>\n","protected":false},"excerpt":{"rendered":"<p>Bus long courrier : 1000 Km en bus Impact Carbone: 18 kg equivalent CO2 D\u00e9tails L&rsquo;avantage du bus long courier r\u00e9side dans le fait qu&rsquo;il poss\u00e8de un taux de remplissage avantageux, sur des trajets principalement extra-urbains!Les \u00e9missions mentionn\u00e9es sur la carte ne portent que sur la consommation \u00e9nerg\u00e9tique du bus. [&hellip;]<\/p>\n","protected":false},"author":1,"featured_media":0,"parent":0,"menu_order":0,"comment_status":"open","ping_status":"open","template":"","meta":{"footnotes":""},"categories":[6],"tags":[],"class_list":["post-14","page","type-page","status-publish","hentry","category-loisirs"],"_links":{"self":[{"href":"https:\/\/www.carbon-lean.com\/index.php\/wp-json\/wp\/v2\/pages\/14","targetHints":{"allow":["GET"]}}],"collection":[{"href":"https:\/\/www.carbon-lean.com\/index.php\/wp-json\/wp\/v2\/pages"}],"about":[{"href":"https:\/\/www.carbon-lean.com\/index.php\/wp-json\/wp\/v2\/types\/page"}],"author":[{"embeddable":true,"href":"https:\/\/www.carbon-lean.com\/index.php\/wp-json\/wp\/v2\/users\/1"}],"replies":[{"embeddable":true,"href":"https:\/\/www.carbon-lean.com\/index.php\/wp-json\/wp\/v2\/comments?post=14"}],"version-history":[{"count":2,"href":"https:\/\/www.carbon-lean.com\/index.php\/wp-json\/wp\/v2\/pages\/14\/revisions"}],"predecessor-version":[{"id":286,"href":"https:\/\/www.carbon-lean.com\/index.php\/wp-json\/wp\/v2\/pages\/14\/revisions\/286"}],"wp:attachment":[{"href":"https:\/\/www.carbon-lean.com\/index.php\/wp-json\/wp\/v2\/media?parent=14"}],"wp:term":[{"taxonomy":"category","embeddable":true,"href":"https:\/\/www.carbon-lean.com\/index.php\/wp-json\/wp\/v2\/categories?post=14"},{"taxonomy":"post_tag","embeddable":true,"href":"https:\/\/www.carbon-lean.com\/index.php\/wp-json\/wp\/v2\/tags?post=14"}],"curies":[{"name":"wp","href":"https:\/\/api.w.org\/{rel}","templated":true}]}}