{"id":13,"date":"2020-10-14T00:13:06","date_gmt":"2020-10-13T22:13:06","guid":{"rendered":"http:\/\/carbon-lean.com\/index.php\/train-tgv\/"},"modified":"2020-10-14T00:13:07","modified_gmt":"2020-10-13T22:13:07","slug":"train-tgv","status":"publish","type":"page","link":"https:\/\/www.carbon-lean.com\/index.php\/train-tgv\/","title":{"rendered":"Train &#8211; TGV"},"content":{"rendered":"<h2>Train &#8211; TGV : 1000 Km en TGV<\/h2>\n<p><\/p>\n<h2>Impact Carbone:<\/h2>\n<p><b>1,73<\/b> kg equivalent CO2 <\/p>\n<h2> D\u00e9tails<\/h2>\n<p>Gr\u00e2ce \u00e0 ses cat\u00e9naires, le TGV fonctionne \u00e0 l&rsquo;\u00e9lectricit\u00e9. C&rsquo;est ce qui le rend si faible en \u00e9mission carbone en France.<br \/>Les \u00e9missions consid\u00e9r\u00e9es pour cette carte ne refl\u00e8tent que la consommation en \u00e9nergie du TGV.<br \/>La fabrication du train, sa maintenance ou encore les infrastructures n\u00e9cessaires \u00e0 son fonctionnement ne sont pas prises en compte ici.<\/p>\n<h2>Source:<\/h2>\n<p>ADEME &#8211; Base Carbone &#8211; TGV &#8211; 2019<\/p>\n<h3>Lien<\/h3>\n<p><a href=''><\/a><\/p>\n<h3>Autres liens<\/h3>\n<p><a href=''><\/a><br \/><a href=''><\/a><br \/><a href=''><\/a><br \/><a href=''><\/a><br \/><a href=''><\/a><br \/><a href=''><\/a><\/p>\n","protected":false},"excerpt":{"rendered":"<p>Train &#8211; TGV : 1000 Km en TGV Impact Carbone: 1,73 kg equivalent CO2 D\u00e9tails Gr\u00e2ce \u00e0 ses cat\u00e9naires, le TGV fonctionne \u00e0 l&rsquo;\u00e9lectricit\u00e9. C&rsquo;est ce qui le rend si faible en \u00e9mission carbone en France.Les \u00e9missions consid\u00e9r\u00e9es pour cette carte ne refl\u00e8tent que la consommation en \u00e9nergie du TGV.La [&hellip;]<\/p>\n","protected":false},"author":1,"featured_media":0,"parent":0,"menu_order":0,"comment_status":"open","ping_status":"open","template":"","meta":{"footnotes":""},"categories":[6],"tags":[],"class_list":["post-13","page","type-page","status-publish","hentry","category-loisirs"],"_links":{"self":[{"href":"https:\/\/www.carbon-lean.com\/index.php\/wp-json\/wp\/v2\/pages\/13","targetHints":{"allow":["GET"]}}],"collection":[{"href":"https:\/\/www.carbon-lean.com\/index.php\/wp-json\/wp\/v2\/pages"}],"about":[{"href":"https:\/\/www.carbon-lean.com\/index.php\/wp-json\/wp\/v2\/types\/page"}],"author":[{"embeddable":true,"href":"https:\/\/www.carbon-lean.com\/index.php\/wp-json\/wp\/v2\/users\/1"}],"replies":[{"embeddable":true,"href":"https:\/\/www.carbon-lean.com\/index.php\/wp-json\/wp\/v2\/comments?post=13"}],"version-history":[{"count":2,"href":"https:\/\/www.carbon-lean.com\/index.php\/wp-json\/wp\/v2\/pages\/13\/revisions"}],"predecessor-version":[{"id":329,"href":"https:\/\/www.carbon-lean.com\/index.php\/wp-json\/wp\/v2\/pages\/13\/revisions\/329"}],"wp:attachment":[{"href":"https:\/\/www.carbon-lean.com\/index.php\/wp-json\/wp\/v2\/media?parent=13"}],"wp:term":[{"taxonomy":"category","embeddable":true,"href":"https:\/\/www.carbon-lean.com\/index.php\/wp-json\/wp\/v2\/categories?post=13"},{"taxonomy":"post_tag","embeddable":true,"href":"https:\/\/www.carbon-lean.com\/index.php\/wp-json\/wp\/v2\/tags?post=13"}],"curies":[{"name":"wp","href":"https:\/\/api.w.org\/{rel}","templated":true}]}}