{"id":10,"date":"2020-10-14T00:13:06","date_gmt":"2020-10-13T22:13:06","guid":{"rendered":"http:\/\/carbon-lean.com\/index.php\/bus\/"},"modified":"2020-10-14T00:13:07","modified_gmt":"2020-10-13T22:13:07","slug":"bus","status":"publish","type":"page","link":"https:\/\/www.carbon-lean.com\/index.php\/bus\/","title":{"rendered":"Bus"},"content":{"rendered":"<h2>Bus : 50 Km par semaine sur 1 an<\/h2>\n<p><\/p>\n<h2>Impact Carbone:<\/h2>\n<p><b>335,4<\/b> kg equivalent CO2 <\/p>\n<h2> D\u00e9tails<\/h2>\n<p>Les trajets sur les r\u00e9seaux de bus urbains ont l&rsquo;inconv\u00e9nient de n\u00e9cessiter des rotations r\u00e9guli\u00e8res de ces bus, m\u00eame aux heures creuses&#8230; Et ce sont en particulier ces rotations \u00e0 vide qui p\u00e9nalisent les \u00e9missions li\u00e9es \u00e0 ce moyen de transport! Les \u00e9missions repr\u00e9sent\u00e9es ici sont celles issues de la consommation de carburant (en incluant la production de ce dernier).<\/p>\n<h2>Source:<\/h2>\n<p>ADEME &#8211; Base Carbone &#8211; Autobus moyen &#8211; Agglom\u00e9ration de plus de 250 000 habitants<\/p>\n<h3>Lien<\/h3>\n<p><a href=''><\/a><\/p>\n<h3>Autres liens<\/h3>\n<p><a href=''><\/a><br \/><a href=''><\/a><br \/><a href=''><\/a><br \/><a href=''><\/a><br \/><a href=''><\/a><br \/><a href=''><\/a><\/p>\n","protected":false},"excerpt":{"rendered":"<p>Bus : 50 Km par semaine sur 1 an Impact Carbone: 335,4 kg equivalent CO2 D\u00e9tails Les trajets sur les r\u00e9seaux de bus urbains ont l&rsquo;inconv\u00e9nient de n\u00e9cessiter des rotations r\u00e9guli\u00e8res de ces bus, m\u00eame aux heures creuses&#8230; Et ce sont en particulier ces rotations \u00e0 vide qui p\u00e9nalisent les [&hellip;]<\/p>\n","protected":false},"author":1,"featured_media":0,"parent":0,"menu_order":0,"comment_status":"open","ping_status":"open","template":"","meta":{"footnotes":""},"categories":[7],"tags":[],"class_list":["post-10","page","type-page","status-publish","hentry","category-trajets"],"_links":{"self":[{"href":"https:\/\/www.carbon-lean.com\/index.php\/wp-json\/wp\/v2\/pages\/10","targetHints":{"allow":["GET"]}}],"collection":[{"href":"https:\/\/www.carbon-lean.com\/index.php\/wp-json\/wp\/v2\/pages"}],"about":[{"href":"https:\/\/www.carbon-lean.com\/index.php\/wp-json\/wp\/v2\/types\/page"}],"author":[{"embeddable":true,"href":"https:\/\/www.carbon-lean.com\/index.php\/wp-json\/wp\/v2\/users\/1"}],"replies":[{"embeddable":true,"href":"https:\/\/www.carbon-lean.com\/index.php\/wp-json\/wp\/v2\/comments?post=10"}],"version-history":[{"count":2,"href":"https:\/\/www.carbon-lean.com\/index.php\/wp-json\/wp\/v2\/pages\/10\/revisions"}],"predecessor-version":[{"id":285,"href":"https:\/\/www.carbon-lean.com\/index.php\/wp-json\/wp\/v2\/pages\/10\/revisions\/285"}],"wp:attachment":[{"href":"https:\/\/www.carbon-lean.com\/index.php\/wp-json\/wp\/v2\/media?parent=10"}],"wp:term":[{"taxonomy":"category","embeddable":true,"href":"https:\/\/www.carbon-lean.com\/index.php\/wp-json\/wp\/v2\/categories?post=10"},{"taxonomy":"post_tag","embeddable":true,"href":"https:\/\/www.carbon-lean.com\/index.php\/wp-json\/wp\/v2\/tags?post=10"}],"curies":[{"name":"wp","href":"https:\/\/api.w.org\/{rel}","templated":true}]}}